{"id":52,"date":"2023-04-24T16:09:43","date_gmt":"2023-04-24T16:09:43","guid":{"rendered":"https:\/\/new.onivia.net\/?page_id=52"},"modified":"2023-09-25T10:39:18","modified_gmt":"2023-09-25T10:39:18","slug":"aviso-legal","status":"publish","type":"page","link":"https:\/\/onivia.net\/es\/aviso-legal\/","title":{"rendered":"Aviso legal"},"content":{"rendered":"<p><\/p>\n<h5>Ultima actualizaci\u00f3n: Septiembre 2023<\/h5>\n<h4><span class=\"s1\">1. Objeto<\/span><\/h4>\n<p>Desde <strong>PENTACOM INVESTMENTS SPAIN OPCO, S.L. <\/strong>(en adelante, \u201c<strong>ONIVIA<\/strong>\u201d, \u201c<strong>nosotros<\/strong>\u201d, \u201c<strong>nuestro\/s<\/strong>, <strong>nuestra\/s<\/strong>\u201d, \u201c<strong>nos<\/strong>\u201d) queremos ofrecerte, como usuario (de ahora en adelante, el \u201c<strong>Usuario<\/strong>\u201d, \u201c<strong>t\u00fa<\/strong>\u201d, \u201c<strong>a<\/strong> <strong>ti<\/strong>\u201d y \u201c<strong>tuyo\/a<\/strong>\u201d), una experiencia y un servicio seguro en nuestro entorno web, ubicado en la direcci\u00f3n de &lt;https:\/\/onivia.net&gt; (en adelante, la \u201c<strong>P\u00e1gina Web<\/strong>\u201d).<\/p>\n<p>En consecuencia, hemos implementado el presente Aviso Legal, que cumple con la Ley 34\/2002, de 11 de julio, de servicios de la sociedad de la informaci\u00f3n y de comercio electr\u00f3nico (\u201c<strong>LSSICE<\/strong>\u201d), con el objetivo de regular tu acceso, navegaci\u00f3n y utilizaci\u00f3n de la P\u00e1gina Web, as\u00ed como de informarte acerca de tus derechos y obligaciones en relaci\u00f3n con los contenidos mostrados en la misma y de las responsabilidades que pueden derivarse de su uso.<\/p>\n<p>El acceso, navegaci\u00f3n o uso de la P\u00e1gina Web implican la aceptaci\u00f3n expresa y sin reservas de todos los t\u00e9rminos del presente Aviso Legal, teniendo la misma validez y eficacia que cualquier contrato celebrado por escrito y firmado.\u00a0 Sin perjuicio de lo anterior, <strong>ONIVIA<\/strong> se reserva el derecho a modificar la presentaci\u00f3n, configuraci\u00f3n y contenido de la P\u00e1gina Web, as\u00ed como el presente Aviso Legal, por lo que te recomendamos revisarlo de forma constante.<\/p>\n<p>Adicionalmente, el Usuario puede que le apliquen condiciones particulares en el uso o disfrute de ciertos servicios ofrecidos en la P\u00e1gina Web, lo que se regular\u00eda en un contrato o documento aparte.<\/p>\n<h4><span class=\"s1\">2. Identificaci\u00f3n<\/span><\/h4>\n<p>La entidad propietaria y que se encuentra detr\u00e1s de la presente P\u00e1gina Web es:<\/p>\n<ul>\n<li><strong>Titular:<\/strong> PENTACOM INVESTMENTS SPAIN OPCO, S.L.<\/li>\n<li><strong>Domicilio Social:<\/strong> Avenida de Europa 26 Bloque 1, C.P. 28224 \u2013 Pozuelo de Alarc\u00f3n, Madrid (Espa\u00f1a)<\/li>\n<li><strong>CIF:<\/strong> B-88368881<\/li>\n<li><strong>Datos Registrales: <\/strong>Registro Mercantil de Madrid, en el Tomo 39121, Folio, 30, Secci\u00f3n 8, Hoja M-695085<\/li>\n<li><strong>E-mail general: <\/strong><a href=\"mailto:hola@onivia.net\">hola@onivia.net<\/a><\/li>\n<li><strong>E-mail de protecci\u00f3n de datos:<\/strong> <a href=\"mailto:protecciondedatos@onivia.net\">protecciondedatos@onivia.net<\/a><\/li>\n<\/ul>\n<p>Para cualquier duda que tengas como Usuario, puedes contactar con nosotros en los correos electr\u00f3nicos indicados o en nuestra direcci\u00f3n f\u00edsica. Trataremos de dar respuesta a tus peticiones o consultas en el plazo m\u00e1s breve posible y, salvo motivos excepcionales, en el pazo m\u00e1ximo de un (1) mes.<\/p>\n<h4><span class=\"s1\">3. Derechos de propiedad intelectual e industrial<\/span><\/h4>\n<p><strong>ONIVIA<\/strong> es titular o, en su caso, cuenta con las licencias correspondientes, sobre los derechos de propiedad intelectual, industrial, de imagen o cualesquiera otros an\u00e1logos sobre la P\u00e1gina Web, as\u00ed como de todos los contenidos ofrecidos en la misma, incluyendo, a t\u00edtulo enunciativo, pero no limitativo, c\u00f3digo fuente y de programaci\u00f3n, dise\u00f1os, estructura de navegaci\u00f3n, fotograf\u00edas, ilustraciones, logos, marcas, grafismos, interfaces o cualquier otra informaci\u00f3n o contenido incluido en el mismo.<\/p>\n<p>Queda terminantemente prohibido modificar, copiar, distribuir, enmarcar, reproducir, republicar, descargar, extraer, mostrar, publicar, transferir o vender, ya sea total o parcialmente, cualquier contenido de la P\u00e1gina Web sin la autorizaci\u00f3n previa y por escrita de <strong>ONIVIA<\/strong>. Como Usuario, \u00fanicamente dispones de un derecho de uso no exclusivo, dentro de un \u00e1mbito estrictamente dom\u00e9stico, de poder navegar y disfrutar de nuestros servicios por la P\u00e1gina Web de acuerdo con el presente Aviso Legal.<\/p>\n<p><strong>ONIVIA<\/strong> se reserva el derecho de tomar cuantas acciones legales resulten oportunas en caso de que hagas un uso no autorizado de la informaci\u00f3n que se incluye en la P\u00e1gina Web, as\u00ed como cualquier da\u00f1o a los derechos de propiedad intelectual de <strong>ONIVIA<\/strong>.<\/p>\n<h4><span class=\"s1\">4. Condiciones de uso de la p\u00e1gina web<\/span><\/h4>\n<p>El acceso a la P\u00e1gina Web tiene, en principio, car\u00e1cter gratuito para los usuarios de esta y con car\u00e1cter general el acceso y utilizaci\u00f3n de la P\u00e1gina Web no exige la previa suscripci\u00f3n o registro de los usuarios.<\/p>\n<p>En relaci\u00f3n con el uso de la P\u00e1gina Web, no est\u00e1 permitido y, por tanto, sus consecuencias ser\u00e1n de tu exclusiva responsabilidad, el acceso o la utilizaci\u00f3n de esta con fines ilegales o no autorizados, con o sin finalidad econ\u00f3mica. En particular, y sin que el siguiente listado tenga car\u00e1cter absoluto, queda prohibido:<\/p>\n<p style=\"padding-left: 40px;\">(i) Usar la P\u00e1gina Web en forma alguna que pueda provocar da\u00f1os, interrupciones, ineficiencias o defectos en su funcionamiento, as\u00ed como en dispositivos de terceros;<\/p>\n<p style=\"padding-left: 40px;\">(ii) Usar la P\u00e1gina Web para la transmisi\u00f3n, instalaci\u00f3n o publicaci\u00f3n de cualquier virus, troyano, gusano, bomba l\u00f3gica, c\u00f3digo malicioso u otros programas o archivos perjudiciales;<\/p>\n<p style=\"padding-left: 40px;\">(iii) Usar la P\u00e1gina Web para transmitir material con fines publicitarios o de promoci\u00f3n, incluidos spam, correos electr\u00f3nicos en cadena, comunicaciones automatizadas o similares;<\/p>\n<p style=\"padding-left: 40px;\">(iv) Usar la P\u00e1gina Web de manera que constituya una vulneraci\u00f3n de los derechos de <strong>ONIVIA<\/strong> o de cualquier tercero;<\/p>\n<p style=\"padding-left: 40px;\">(v) Usar la P\u00e1gina Web para transmitir o publicar cualquier material de car\u00e1cter difamatorio, ofensivo, racista, denigrante, o de naturaleza amenazadora o que pueda molestar, perjudicar o meramente afectar a cualquier persona;<\/p>\n<p style=\"padding-left: 40px;\">(vi) Usar la P\u00e1gina Web para recoger datos de car\u00e1cter personal de otros usuarios;<\/p>\n<p style=\"padding-left: 40px;\">(vii) Usar la P\u00e1gina Web de forma ilegal, en contra de la buena fe, la moral y\/o el orden p\u00fablico;<\/p>\n<p style=\"padding-left: 40px;\">(viii) Acceder sin autorizaci\u00f3n a cualquier secci\u00f3n de la P\u00e1gina Web, a otros sistemas o redes conectados a la misma, a cualquier servidor de <strong>ONIVIA<\/strong> o a los servicios ofrecidos a trav\u00e9s de la P\u00e1gina Web por medio de pirateo o falsificaci\u00f3n, extracci\u00f3n de contrase\u00f1as o cualquier otro medio ileg\u00edtimo;<\/p>\n<p style=\"padding-left: 40px;\">(ix) Publicar contenidos en los lugares no adecuados de la P\u00e1gina Web; y<\/p>\n<p style=\"padding-left: 40px;\">(x) Llevar a cabo alguna acci\u00f3n que provoque una saturaci\u00f3n desproporcionada o innecesaria en la infraestructura de la P\u00e1gina Web o en los sistemas o redes de <strong>ONIVIA<\/strong>, as\u00ed como en los sistemas y redes conectados a la P\u00e1gina Web;<\/p>\n<p>El incumplimiento de cualquiera de las anteriores obligaciones por tu parte podr\u00e1 llevar aparejada la adopci\u00f3n por <strong>ONIVIA <\/strong>de las medidas oportunas amparadas en derecho y en el ejercicio de los correspondientes derechos y obligaciones.<\/p>\n<p>Tambi\u00e9n, pedimos al Usuario que, en el caso de que tenga conocimiento de que otro usuario o tercero haya realizado una publicaci\u00f3n de cualquier informaci\u00f3n imprecisa, desactualizada o falsa, o que haya hecho un uso contrario al permitido en este Aviso Legal, lo notifique inmediatamente a ONIVIA (<a href=\"mailto:hola@onivia.net\">hola@onivia.net<\/a>) para que sea posible adoptar las medidas pertinentes.<\/p>\n<p>Asimismo, <strong>ONIVIA<\/strong> se reserva el derecho a suspender, modificar, restringir o interrumpir, ya sea temporal o permanentemente, el acceso, navegaci\u00f3n, uso, alojamiento y\/o descarga del contenido y\/o uso de servicios de la P\u00e1gina Web, con o sin previa notificaci\u00f3n, a los usuarios o terceros que contravengan cualquiera de las disposiciones detalladas en el presente Aviso Legal, sin que medie la posibilidad de exigir indemnizaci\u00f3n por esta causa.<\/p>\n<h4><span class=\"s1\">5. Responsabilidades y garant\u00edas<\/span><\/h4>\n<p><strong>ONIVIA<\/strong> no puede garantizar la fiabilidad, utilidad o veracidad de absolutamente toda la informaci\u00f3n contenida en la P\u00e1gina Web. En consecuencia, <strong>ONIVIA<\/strong> no garantiza ni se hace responsable de (en la medida que la ley lo permita):<\/p>\n<p style=\"padding-left: 40px;\">(i) La continuidad de los contenidos de la P\u00e1gina Web;<\/p>\n<p style=\"padding-left: 40px;\">(ii) La ausencia de errores en dichos contenidos;<\/p>\n<p style=\"padding-left: 40px;\">(iii) La ausencia de virus, troyanos, gusanos, bombas l\u00f3gicas y\/o dem\u00e1s componentes maliciosos o tecnol\u00f3gicamente da\u00f1inos en la P\u00e1gina Web o en el servidor que la suministra;<\/p>\n<p style=\"padding-left: 40px;\">(iv) La invulnerabilidad de la P\u00e1gina Web y\/o la imposibilidad de vulnerar las medidas de seguridad que se adopten en la misma;<\/p>\n<p style=\"padding-left: 40px;\">(v) La falta de utilidad o rendimiento de los contenidos de la P\u00e1gina Web;<\/p>\n<p style=\"padding-left: 40px;\">(vi) Los fallos de la P\u00e1gina Web ocasionados por cualquier tipo de ataque a sus servidores o a los de terceros proveedores de servicios de <strong>ONIVIA<\/strong>, as\u00ed como los fallos t\u00e9cnicos o de seguridad del sistema de cualquier de dichos proveedores que impidan el funcionamiento de la P\u00e1gina Web;<\/p>\n<p style=\"padding-left: 40px;\">(vii) Cualquier fallo t\u00e9cnico de cualquier tipo que dificulte, retrase o impida el correcto funcionamiento de la P\u00e1gina Web;<\/p>\n<p style=\"padding-left: 40px;\">(viii) Los da\u00f1os o perjuicios que cause, a s\u00ed mismo o a un tercero, cualquier persona que infringiera las condiciones, normas e instrucciones que <strong>ONIVIA<\/strong> establece en la P\u00e1gina Web o a trav\u00e9s de la vulneraci\u00f3n de los sistemas de seguridad.<\/p>\n<p class=\"p3\">Sin perjuicio de lo anterior, <strong>ONIVIA<\/strong> declara que ha adoptado todas las medidas necesarias, dentro de sus posibilidades y del estado de la t\u00e9cnica, para garantizar el funcionamiento de la P\u00e1gina Web y reducir al m\u00ednimo los errores del sistema, tanto desde el punto de vista t\u00e9cnico como de los contenidos publicados en la P\u00e1gina Web.<\/p>\n<h4><span class=\"s1\">6. Pol\u00edtica de enlaces<\/span><\/h4>\n<p><strong>ONIVIA<\/strong> no autoriza que se publique ning\u00fan enlace que redirija a la P\u00e1gina Web en otras p\u00e1ginas web que contengan materiales, informaci\u00f3n o contenidos il\u00edcitos, ilegales, degradantes, obscenos y, en general, que vayan en contra de la ley, la moralidad o el orden p\u00fablico, o las normas sociales generalmente aceptadas.<\/p>\n<p><strong>ONIVIA<\/strong> no tiene facultad ni medios t\u00e9cnicos ni humanos para saber, controlar o aprobar toda la informaci\u00f3n, contenido, productos o servicios facilitados por otras p\u00e1ginas web que hayan publicado enlaces que redirijan a la P\u00e1gina Web. En consecuencia, <strong>ONIVIA<\/strong> no asumir\u00e1 responsabilidad alguna por ning\u00fan aspecto relacionado con las p\u00e1ginas web que publiquen un enlace web de este tipo.\u00a0 En cualquier caso, <strong>ONIVIA<\/strong> se reserva el derecho a prohibir enlaces que redirijan a la P\u00e1gina Web y solicitar que se eliminen cuando no cumplan con las condiciones estipuladas en este apartado.<\/p>\n<p>Asimismo, <strong>ONIVIA<\/strong> podr\u00eda proporcionar enlaces a otros contenidos que son propiedad de terceros, siendo el \u00fanico objeto de los enlaces el proporcionar al Usuario la posibilidad de complementar la informaci\u00f3n a trav\u00e9s de dichos enlaces, y consecuentemente, no se responsabiliza en ning\u00fan caso (en la medida que la ley lo permita) de los resultados o da\u00f1os que puedan derivarse al Usuario en el acceso a dichos enlaces.<\/p>\n<h4><span class=\"s1\">7. Atenci\u00f3n al usuario<\/span><\/h4>\n<p>Tienes a tu disposici\u00f3n el servicio de atenci\u00f3n al usuario por el que <strong>ONIVIA<\/strong> atender\u00e1 las consultas, quejas y sugerencias planteadas por ti. Podr\u00e1s acceder al servicio de atenci\u00f3n al cliente a trav\u00e9s del siguiente e-mail de contacto:<\/p>\n<ul>\n<li><strong>E-mail:<\/strong> <a href=\"mailto:hola@onivia.net\">hola@onivia.net<\/a><\/li>\n<\/ul>\n<p>Como se ha dicho anteriormente, trataremos de dar respuesta a tus peticiones o consultas en el plazo m\u00e1s breve posible y, salvo motivos excepcionales, en el pazo m\u00e1ximo de un (1) mes.<\/p>\n<h4><span class=\"s1\">8. Confidencialidad, protecci\u00f3n de datos y cookies<\/span><\/h4>\n<p><span class=\"s1\">\u00a0<\/span>De conformidad con lo dispuesto en la Ley Org\u00e1nica 3\/2018, de 5 de diciembre, de Protecci\u00f3n de Datos Personales y garant\u00eda de los derechos digitales (\u201c<strong>LOPDGDD<\/strong>\u201d), por el Reglamento Europeo de Protecci\u00f3n de Datos 679\/2016, de 27 de abril, relativo a la protecci\u00f3n de las personas f\u00edsicas en lo que respecta al tratamiento de datos personales y a la libre circulaci\u00f3n de estos datos (\u201c<strong>RGPD<\/strong>\u201d) y en la LSSICE, todos los datos de car\u00e1cter personal facilitados durante la utilizaci\u00f3n de la P\u00e1gina Web ser\u00e1n tratados seg\u00fan lo indicado en nuestra<a href=\"https:\/\/onivia.net\/es\/politica-de-privacidad\/\"> <strong><u>Pol\u00edtica de Privacidad<\/u><\/strong><\/a> y <a href=\"https:\/\/onivia.net\/es\/politica-de-cookies\/\"><strong><u>Pol\u00edtica de Cookies<\/u><\/strong><\/a><strong><u>,<\/u><\/strong> que deber\u00e1s leer y, en su caso, aceptar.<\/p>\n<h4>9. Cl\u00e1usula de salvaguarda<\/h4>\n<p>Todas las cl\u00e1usulas del presente Aviso Legal deben ser interpretadas de forma independiente, no vi\u00e9ndose afectadas el resto de las cl\u00e1usulas en caso de que una de ellas haya sido declarada nula por sentencia judicial o resoluci\u00f3n arbitral firme. Se sustituir\u00e1 la cl\u00e1usula o cl\u00e1usulas afectadas por otra u otras que preserven los efectos perseguidos por este Aviso Legal.<\/p>\n<h4>10. Indemnidad<\/h4>\n<p>Por el presente, en la medida que la ley lo permita, aceptas defendernos, indemnizarnos y mantenernos indemnes a nosotros, incluidos sus respectivos directores, consejeros, asesores del consejo de administraci\u00f3n, empleados, socios, representantes, sucesores y cesionarios, frente a cualquier p\u00e9rdida, responsabilidad, reclamaci\u00f3n o demanda, incluidos los honorarios razonables de los abogados y otras costas legales, presentada por terceros como resultado del uso que hagas de la P\u00e1gina Web, lo que incluye aquellas derivadas del incumplimiento por tu parte de cualquier disposici\u00f3n del presente Aviso Legal, o a la aportaci\u00f3n por tu parte de informaci\u00f3n falsa sobre tu identidad o similar.<\/p>\n<h4>11. Legislaci\u00f3n aplicable y jurisdicci\u00f3n<\/h4>\n<p>La normativa vigente determinar\u00e1 las leyes que deban regir y la jurisdicci\u00f3n que deba conocer de las relaciones entre <strong>ONIVIA<\/strong> y sus usuarios. No obstante, siempre que dicha normativa prevea la posibilidad para las partes de someterse a un fuero determinado, para toda cuesti\u00f3n litigiosa derivada o relacionada con la P\u00e1gina Web ser\u00e1 de aplicaci\u00f3n la legislaci\u00f3n espa\u00f1ola vigente en el momento del litigio. Asimismo, <strong>ONIVIA<\/strong> y sus usuarios, en la medida que la ley lo permita, y con renuncia expresa a cualquier otro fuero que pudiera corresponderles, se someten a los Juzgados y Tribunales de Madrid.<\/p>\n<h4>12. Otros textos legales<\/h4>\n<p>El presente Aviso Legal est\u00e1 complementado por la <a href=\"https:\/\/onivia.net\/es\/politica-de-privacidad\/\"><strong><u>Pol\u00edtica de Privacidad<\/u><\/strong><\/a> y la <a href=\"https:\/\/onivia.net\/es\/politica-de-cookies\/\"><strong><u>Pol\u00edtica de Cookies<\/u><\/strong><\/a>. Todo ello sin perjuicio de cualquier otra regulaci\u00f3n o texto legal que sea necesario a\u00f1adir, complementar, o bien tener en cuenta en cumplimiento de lo dispuesto en la legislaci\u00f3n vigente en cada momento.<\/p>\n<p><strong>\u00a0<\/strong><\/p>\n<p><strong>\u00a9 PENTACOM INVESTMENTS SPAIN OPCO, S.L., 2023. <\/strong><strong>Todos los derechos reservados.<\/strong><\/p>\n<p>&nbsp;<\/p>","protected":false},"excerpt":{"rendered":"Ultima actualizaci\u00f3n: Septiembre 2023 1. Objeto Desde PENTACOM INVESTMENTS SPAIN OPCO, S.L. (en adelante, \u201cONIVIA\u201d, \u201cnosotros\u201d, \u201cnuestro\/s, nuestra\/s\u201d, \u201cnos\u201d) queremos ofrecerte, como usuario (de ahora en adelante, el \u201cUsuario\u201d, \u201ct\u00fa\u201d, \u201ca ti\u201d y \u201ctuyo\/a\u201d), una experiencia y un servicio seguro en nuestro entorno web, ubicado en la direcci\u00f3n de &lt;https:\/\/onivia.net&gt; (en adelante, la \u201cP\u00e1gina Web\u201d)&#8230;.","protected":false},"author":1,"featured_media":0,"parent":0,"menu_order":21,"comment_status":"closed","ping_status":"closed","template":"","meta":{"_acf_changed":false,"inline_featured_image":false,"footnotes":""},"class_list":["post-52","page","type-page","status-publish","hentry"],"acf":[],"yoast_head":"<!-- This site is optimized with the Yoast SEO plugin v26.0 - https:\/\/yoast.com\/wordpress\/plugins\/seo\/ -->\n<title>Aviso legal - Onivia<\/title>\n<meta name=\"robots\" content=\"index, follow, max-snippet:-1, max-image-preview:large, max-video-preview:-1\" \/>\n<link rel=\"canonical\" href=\"https:\/\/onivia.net\/es\/aviso-legal\/\" \/>\n<meta property=\"og:locale\" content=\"es_ES\" \/>\n<meta property=\"og:type\" content=\"article\" \/>\n<meta property=\"og:title\" content=\"[:es]Aviso legal[:en]Legal notice[:] - Onivia\" \/>\n<meta property=\"og:description\" content=\"Ultima actualizaci\u00f3n: Septiembre 2023 1. Objeto Desde PENTACOM INVESTMENTS SPAIN OPCO, S.L. (en adelante, \u201cONIVIA\u201d, \u201cnosotros\u201d, \u201cnuestro\/s, nuestra\/s\u201d, \u201cnos\u201d) queremos ofrecerte, como usuario (de ahora en adelante, el \u201cUsuario\u201d, \u201ct\u00fa\u201d, \u201ca ti\u201d y \u201ctuyo\/a\u201d), una experiencia y un servicio seguro en nuestro entorno web, ubicado en la direcci\u00f3n de &lt;https:\/\/onivia.net&gt; (en adelante, la \u201cP\u00e1gina Web\u201d)....\" \/>\n<meta property=\"og:url\" content=\"https:\/\/onivia.net\/es\/aviso-legal\/\" \/>\n<meta property=\"og:site_name\" content=\"Onivia\" \/>\n<meta property=\"article:modified_time\" content=\"2023-09-25T10:39:18+00:00\" \/>\n<meta name=\"twitter:card\" content=\"summary_large_image\" \/>\n<meta name=\"twitter:label1\" content=\"Tiempo de lectura\" \/>\n\t<meta name=\"twitter:data1\" content=\"10 minutos\" \/>\n<script type=\"application\/ld+json\" class=\"yoast-schema-graph\">{\"@context\":\"https:\/\/schema.org\",\"@graph\":[{\"@type\":\"WebPage\",\"@id\":\"https:\/\/onivia.net\/es\/aviso-legal\/\",\"url\":\"https:\/\/onivia.net\/es\/aviso-legal\/\",\"name\":\"[:es]Aviso legal[:en]Legal notice[:] - Onivia\",\"isPartOf\":{\"@id\":\"https:\/\/onivia.net\/en\/#website\"},\"datePublished\":\"2023-04-24T16:09:43+00:00\",\"dateModified\":\"2023-09-25T10:39:18+00:00\",\"breadcrumb\":{\"@id\":\"https:\/\/onivia.net\/es\/aviso-legal\/#breadcrumb\"},\"inLanguage\":\"es\",\"potentialAction\":[{\"@type\":\"ReadAction\",\"target\":[\"https:\/\/onivia.net\/es\/aviso-legal\/\"]}]},{\"@type\":\"BreadcrumbList\",\"@id\":\"https:\/\/onivia.net\/es\/aviso-legal\/#breadcrumb\",\"itemListElement\":[{\"@type\":\"ListItem\",\"position\":1,\"name\":\"Portada\",\"item\":\"https:\/\/onivia.net\/es\/\"},{\"@type\":\"ListItem\",\"position\":2,\"name\":\"Aviso legal\"}]},{\"@type\":\"WebSite\",\"@id\":\"https:\/\/onivia.net\/en\/#website\",\"url\":\"https:\/\/onivia.net\/en\/\",\"name\":\"Onivia\",\"description\":\"\",\"potentialAction\":[{\"@type\":\"SearchAction\",\"target\":{\"@type\":\"EntryPoint\",\"urlTemplate\":\"https:\/\/onivia.net\/en\/?s={search_term_string}\"},\"query-input\":{\"@type\":\"PropertyValueSpecification\",\"valueRequired\":true,\"valueName\":\"search_term_string\"}}],\"inLanguage\":\"es\"}]}<\/script>\n<!-- \/ Yoast SEO plugin. -->","yoast_head_json":{"title":"[:es]Aviso legal[:en]Legal notice[:] - Onivia","robots":{"index":"index","follow":"follow","max-snippet":"max-snippet:-1","max-image-preview":"max-image-preview:large","max-video-preview":"max-video-preview:-1"},"canonical":"https:\/\/onivia.net\/es\/aviso-legal\/","og_locale":"es_ES","og_type":"article","og_title":"[:es]Aviso legal[:en]Legal notice[:] - Onivia","og_description":"Ultima actualizaci\u00f3n: Septiembre 2023 1. Objeto Desde PENTACOM INVESTMENTS SPAIN OPCO, S.L. (en adelante, \u201cONIVIA\u201d, \u201cnosotros\u201d, \u201cnuestro\/s, nuestra\/s\u201d, \u201cnos\u201d) queremos ofrecerte, como usuario (de ahora en adelante, el \u201cUsuario\u201d, \u201ct\u00fa\u201d, \u201ca ti\u201d y \u201ctuyo\/a\u201d), una experiencia y un servicio seguro en nuestro entorno web, ubicado en la direcci\u00f3n de &lt;https:\/\/onivia.net&gt; (en adelante, la \u201cP\u00e1gina Web\u201d)....","og_url":"https:\/\/onivia.net\/es\/aviso-legal\/","og_site_name":"Onivia","article_modified_time":"2023-09-25T10:39:18+00:00","twitter_card":"summary_large_image","twitter_misc":{"Tiempo de lectura":"10 minutos"},"schema":{"@context":"https:\/\/schema.org","@graph":[{"@type":"WebPage","@id":"https:\/\/onivia.net\/es\/aviso-legal\/","url":"https:\/\/onivia.net\/es\/aviso-legal\/","name":"[:es]Aviso legal[:en]Legal notice[:] - Onivia","isPartOf":{"@id":"https:\/\/onivia.net\/en\/#website"},"datePublished":"2023-04-24T16:09:43+00:00","dateModified":"2023-09-25T10:39:18+00:00","breadcrumb":{"@id":"https:\/\/onivia.net\/es\/aviso-legal\/#breadcrumb"},"inLanguage":"es","potentialAction":[{"@type":"ReadAction","target":["https:\/\/onivia.net\/es\/aviso-legal\/"]}]},{"@type":"BreadcrumbList","@id":"https:\/\/onivia.net\/es\/aviso-legal\/#breadcrumb","itemListElement":[{"@type":"ListItem","position":1,"name":"Portada","item":"https:\/\/onivia.net\/es\/"},{"@type":"ListItem","position":2,"name":"Aviso legal"}]},{"@type":"WebSite","@id":"https:\/\/onivia.net\/en\/#website","url":"https:\/\/onivia.net\/en\/","name":"Onivia","description":"","potentialAction":[{"@type":"SearchAction","target":{"@type":"EntryPoint","urlTemplate":"https:\/\/onivia.net\/en\/?s={search_term_string}"},"query-input":{"@type":"PropertyValueSpecification","valueRequired":true,"valueName":"search_term_string"}}],"inLanguage":"es"}]}},"_links":{"self":[{"href":"https:\/\/onivia.net\/es\/wp-json\/wp\/v2\/pages\/52","targetHints":{"allow":["GET"]}}],"collection":[{"href":"https:\/\/onivia.net\/es\/wp-json\/wp\/v2\/pages"}],"about":[{"href":"https:\/\/onivia.net\/es\/wp-json\/wp\/v2\/types\/page"}],"author":[{"embeddable":true,"href":"https:\/\/onivia.net\/es\/wp-json\/wp\/v2\/users\/1"}],"replies":[{"embeddable":true,"href":"https:\/\/onivia.net\/es\/wp-json\/wp\/v2\/comments?post=52"}],"version-history":[{"count":5,"href":"https:\/\/onivia.net\/es\/wp-json\/wp\/v2\/pages\/52\/revisions"}],"predecessor-version":[{"id":2090,"href":"https:\/\/onivia.net\/es\/wp-json\/wp\/v2\/pages\/52\/revisions\/2090"}],"wp:attachment":[{"href":"https:\/\/onivia.net\/es\/wp-json\/wp\/v2\/media?parent=52"}],"curies":[{"name":"wp","href":"https:\/\/api.w.org\/{rel}","templated":true}]}}