{"id":50,"date":"2023-04-24T16:09:20","date_gmt":"2023-04-24T16:09:20","guid":{"rendered":"https:\/\/new.onivia.net\/?page_id=50"},"modified":"2023-09-29T09:07:56","modified_gmt":"2023-09-29T09:07:56","slug":"politica-de-cookies","status":"publish","type":"page","link":"https:\/\/onivia.net\/es\/politica-de-cookies\/","title":{"rendered":"Pol\u00edtica de cookies"},"content":{"rendered":"<p><\/p>\n<h5><strong>\u00daltima actualizaci\u00f3n: Septiembre de 2023<\/strong><\/h5>\n<h4><strong>1- Objeto<\/strong><\/h4>\n<p>Desde <strong>PENTACOM INVESTMENTS SPAIN OPCO, S.L. <\/strong>(en adelante, \u201c<strong>ONIVIA<\/strong>\u201d, \u201c<strong>nosotros<\/strong>\u201d, \u201c<strong>nuestro\/s<\/strong>, <strong>nuestra\/s<\/strong>\u201d, \u201c<strong>nos<\/strong>\u201d) queremos ofrecerte, como usuario (de ahora en adelante, el \u201c<strong>Usuario<\/strong>\u201d, \u201c<strong>t\u00fa<\/strong>\u201d, \u201c<strong>a<\/strong> <strong>ti<\/strong>\u201d y \u201c<strong>tuyo\/a<\/strong>\u201d), una experiencia y un servicio seguro en nuestro entorno web, ubicado en la direcci\u00f3n de &lt;https:\/\/onivia.net&gt; (en adelante, la \u201c<strong>P\u00e1gina Web<\/strong>\u201d).<\/p>\n<p>En consecuencia, hemos implementado la presente Pol\u00edtica de Cookies, que cumple con las medidas de seguridad exigidas por la Ley Org\u00e1nica 3\/2018, de 5 de diciembre, de Protecci\u00f3n de Datos Personales y garant\u00eda de los derechos digitales (\u201c<strong>LOPDGDD<\/strong>\u201d), por el Reglamento Europeo de Protecci\u00f3n de Datos 679\/2016, de 27 de abril, relativo a la protecci\u00f3n de las personas f\u00edsicas en lo que respecta al tratamiento de datos personales y a la libre circulaci\u00f3n de estos datos (\u201c<strong>RGPD<\/strong>\u201d) y, por la Ley 34\/2002, de 11 de julio, de servicios de la sociedad de la informaci\u00f3n y de comercio electr\u00f3nico (\u201c<strong>LSSICE<\/strong>\u201d), todo ello con el objetivo de garantizar tu privacidad y ser transparentes con el uso de tus datos.<\/p>\n<p>En efecto, con el fin de facilitar tu navegaci\u00f3n en la P\u00e1gina Web, te informamos de que utilizamos cookies u otros dispositivos de almacenamiento y recuperaci\u00f3n de datos de funcionalidad similar (en adelante, la\/s \u201c<strong>Cookie\/s<\/strong>\u201d).<\/p>\n<p>En esta Pol\u00edtica de Cookies te explicaremos: (i) qu\u00e9 son las cookies, (ii) qu\u00e9 tipos de cookies utilizamos en nuestra P\u00e1gina Web y, (iii) c\u00f3mo puedes configurar o desactivar dichas cookies.<\/p>\n<h4><strong>2- Identificaci\u00f3n<\/strong><\/h4>\n<p>Como ya consta en nuestro <a href=\"https:\/\/onivia.net\/es\/aviso-legal\/\"><strong><u>Aviso Legal<\/u><\/strong><\/a>\u00a0, la entidad propietaria y que se encuentra detr\u00e1s de la presente P\u00e1gina Web es:<\/p>\n<ul>\n<li><strong>Titular:<\/strong> PENTACOM INVESTMENTS SPAIN OPCO, S.L.<\/li>\n<li><strong>Domicilio Social:<\/strong> Avenida de Europa 26 Bloque 1, C.P. 28224 \u2013 Pozuelo de Alarc\u00f3n, Madrid (Espa\u00f1a)<\/li>\n<li><strong>CIF:<\/strong> B-88368881<\/li>\n<li><strong>Datos Registrales: <\/strong>Registro Mercantil de Madrid, en el Tomo 39121, Folio, 30, Secci\u00f3n 8, Hoja M-695085<\/li>\n<li><strong>E-mail general: <\/strong><a href=\"mailto:hola@onivia.net\">hola@onivia.net<\/a><\/li>\n<\/ul>\n<ul>\n<li><strong>E-mail de protecci\u00f3n de datos:<\/strong> <a href=\"mailto:protecciondedatos@onivia.net\">protecciondedatos@onivia.net<\/a><\/li>\n<\/ul>\n<p>Para cualquier duda que tengas como Usuario, puedes contactar con nosotros en los correos electr\u00f3nicos indicados o en nuestra direcci\u00f3n f\u00edsica. Trataremos de dar respuesta a tus peticiones o consultas en el plazo m\u00e1s breve posible y, salvo motivos excepcionales, en el pazo m\u00e1ximo de un (1) mes.<\/p>\n<h4><strong>3- \u00bfQu\u00e9 es una cookie?<\/strong><\/h4>\n<p>Una Cookie es un archivo que se descarga en tu ordenador cuando accedes a ciertas p\u00e1ginas web. Las Cookies permiten que una p\u00e1gina web almacene y recupere informaci\u00f3n sobre tus h\u00e1bitos de navegaci\u00f3n o los de tu equipo y, dependiendo de la informaci\u00f3n que contengan y c\u00f3mo utilices tu equipo, pueden utilizarse para reconocerte.<\/p>\n<p>Las Cookies desempe\u00f1an un papel fundamental en el funcionamiento de Internet, ya que proporcionan soluciones t\u00e9cnicas que permiten a los usuarios explorar diferentes sitios web. Es importante destacar que las Cookies no causan ning\u00fan da\u00f1o al equipo o dispositivo en el que se instalan. Adem\u00e1s, se utilizan para identificar y solucionar posibles errores de funcionamiento en un sitio web. Tambi\u00e9n tienen aplicaciones en publicidad y an\u00e1lisis, entre otros usos.<\/p>\n<h4><strong>4- \u00bfQu\u00e9 tipo de cookies usamos en nuestra p\u00e1gina web?<\/strong><\/h4>\n<p>Desde <strong>ONIVIA<\/strong> utilizamos tanto Cookies propias generadas directamente por nuestro dominio web, como Cookies de terceros generadas desde otros sitios web ajenos a <strong>ONIVIA<\/strong>, pertenecientes a terceras empresas, y todo ello para las finalidades concretas que a continuaci\u00f3n se exponen:<\/p>\n<h5>(i) Cookies t\u00e9cnicas<\/h5>\n<p>Las Cookies t\u00e9cnicas son necesarias para permitir la navegaci\u00f3n y activar las funcionalidades de nuestra P\u00e1gina Web. Por ejemplo, estas Cookies desempe\u00f1an funciones vitales como controlar el tr\u00e1fico y la comunicaci\u00f3n de datos, identificar la sesi\u00f3n del Usuario, permitir el acceso a partes de acceso restringido, garantizar la seguridad del servicio contra fraudes, entre otros. No requerimos tu consentimiento para instalar estas Cookies en tu dispositivo. Sin embargo, ten en cuenta que, si desactivas o bloqueas todas las Cookies en tu navegador, es posible que tu experiencia de navegaci\u00f3n no sea \u00f3ptima y que algunos servicios no funcionen correctamente.<\/p>\n<h5>(ii) Cookies de personalizaci\u00f3n<\/h5>\n<p>Las Cookies de personalizaci\u00f3n nos permiten guardar informaci\u00f3n para brindarte un servicio con caracter\u00edsticas especiales que pueden mejorar tu experiencia en comparaci\u00f3n con otros usuarios. Por ejemplo, estas Cookies pueden recordar cu\u00e1ntos resultados deseas ver en una b\u00fasqueda o ajustar la apariencia y el contenido del servicio seg\u00fan el navegador que est\u00e9s utilizando o la regi\u00f3n desde la cual accedes al servicio. Si seleccionas estas caracter\u00edsticas personalizadas, las Cookies se considerar\u00e1n un servicio que has solicitado espec\u00edficamente, por lo tanto, se usar\u00e1n exclusivamente para la finalidad seleccionada sin que resulte necesario solicitar tu consentimiento expreso.<\/p>\n<h5>(iii) Cookies anal\u00edticas<\/h5>\n<p>Las Cookies anal\u00edticas recopilan informaci\u00f3n sobre tu visita a nuestra P\u00e1gina Web para obtener estad\u00edsticas e informes que nos permiten mejorar nuestro funcionamiento y recopilar la informaci\u00f3n pertinente sin identificarte personalmente, manteniendo la informaci\u00f3n agregada y an\u00f3nima. Por ejemplo, estas Cookies pueden detectar las p\u00e1ginas que visitas con mayor frecuencia, as\u00ed como averiguar si experimentas mensajes de error en las p\u00e1ginas, o las secciones de la p\u00e1gina a las que accedes, o los botones en los que clicas, entre otros. Estas Cookies s\u00f3lo se instalar\u00e1n en tu dispositivo si aceptas su uso de forma expresa.<\/p>\n<p>Nuestra P\u00e1gina Web, utiliza las siguientes Cookies:<\/p>\n<table cellspacing=\"0\" cellpadding=\"0\">\n<tbody>\n<tr>\n<th valign=\"top\">Nombre<\/th>\n<th valign=\"top\">Domain<\/th>\n<th valign=\"top\">Tipo de cookie<\/th>\n<th valign=\"top\">Duraci\u00f3n<\/th>\n<th valign=\"top\">Descripci\u00f3n<\/th>\n<\/tr>\n<tr>\n<td valign=\"top\">cookiesDirective<\/td>\n<td valign=\"top\"><a href=\"http:\/\/onivia.net\">onivia.net<\/a><\/td>\n<td valign=\"top\">Necesaria<\/td>\n<td valign=\"top\">1 a\u00f1o<\/td>\n<td valign=\"top\">Descripci\u00f3n sobre la cookie que almacena las preferencias del usuario\/a.<\/td>\n<\/tr>\n<tr>\n<td valign=\"top\">qtrans_front_language<\/td>\n<td valign=\"top\"><a href=\"http:\/\/onivia.net\">onivia.net<\/a><\/td>\n<td valign=\"top\">Necesaria<\/td>\n<td valign=\"top\">1 a\u00f1o<\/td>\n<td valign=\"top\">Almacena el idioma en el que navega el usuario.<\/td>\n<\/tr>\n<tr>\n<td valign=\"top\">__cf_bm<\/td>\n<td valign=\"top\">.<a href=\"http:\/\/monday.com\">monday.com<\/a><\/td>\n<td valign=\"top\">Necesaria<\/td>\n<td valign=\"top\">30 minutos<\/td>\n<td valign=\"top\">Esta cookie se utiliza para distinguir entre humanos y bots. Esto es beneficioso para el sitio web, ya que permite realizar informes v\u00e1lidos sobre el uso de su sitio web.<\/td>\n<\/tr>\n<tr>\n<td valign=\"top\">_ga<\/td>\n<td valign=\"top\"><a href=\"http:\/\/www.google-anlytics.com\">www.google-anlytics.com<\/a><\/td>\n<td valign=\"top\">Rendimiento<\/td>\n<td valign=\"top\">2 a\u00f1os<\/td>\n<td valign=\"top\">Este nombre de cookie est\u00e1 asociado con Google Universal Analytics, que es una actualizaci\u00f3n significativa del servicio de an\u00e1lisis de Google m\u00e1s utilizado. Esta cookie se utiliza para distinguir usuarios \u00fanicos asignando un n\u00famero generado aleatoriamente como identificador de cliente. Se incluye en cada solicitud de p\u00e1gina en un sitio y se utiliza para calcular los datos de visitantes, sesiones y campa\u00f1as para los informes de an\u00e1lisis de sitios.<\/td>\n<\/tr>\n<tr>\n<td valign=\"top\">_gid<\/td>\n<td valign=\"top\"><a href=\"http:\/\/www.google-anlytics.com\">www.google-anlytics.com<\/a><\/td>\n<td valign=\"top\">Rendimiento<\/td>\n<td valign=\"top\">1 d\u00eda<\/td>\n<td valign=\"top\">Esta cookie la instala Google Analytics. Almacena y actualiza un valor \u00fanico para cada p\u00e1gina visitada y se utiliza para contar y realizar un seguimiento de las p\u00e1ginas vistas.<\/td>\n<\/tr>\n<tr>\n<td valign=\"top\">cf_clearance<\/td>\n<td valign=\"top\">.<a href=\"http:\/\/monday.com\">monday.com<\/a><\/td>\n<td valign=\"top\">Rendimiento<\/td>\n<td valign=\"top\">1 a\u00f1o<\/td>\n<td valign=\"top\">Seguimiento de formularios de contacto.<\/td>\n<\/tr>\n<\/tbody>\n<\/table>\n<p>Todas las Cookies utilizadas por la P\u00e1gina Web ser\u00e1n conservadas en tu dispositivo durante el tiempo necesario para cumplir con la finalidad por la que fueron instaladas, y como m\u00e1ximo, durante 1 a\u00f1o, salvo que decidas eliminarlas a trav\u00e9s de las opciones de configuraci\u00f3n de tu navegador, de acuerdo con lo indicado en el siguiente apartado de esta Pol\u00edtica de Cookies.<\/p>\n<p>Algunos de los datos personales recopilados mediante el uso de Cookies de terceros pueden ser transferidos a otros pa\u00edses. En estos casos, te aseguramos que se tomar\u00e1n las medidas necesarias para salvaguardar la privacidad, integridad y disponibilidad de dichos datos. Si deseas obtener m\u00e1s informaci\u00f3n acerca de las transferencias internacionales realizadas por cada proveedor externo, puedes consultar sus pol\u00edticas de privacidad en la secci\u00f3n correspondiente mencionadas en este apartado.<\/p>\n<h4><span class=\"s1\">5. \u00bfC\u00f3mo configurar las cookies?<\/span><\/h4>\n<p>Puedes aceptar o rechazar las Cookies en cualquier momento accediendo de nuevo a nuestro panel de configuraci\u00f3n que aparece cuando accedes por primera vez a la P\u00e1gina Web o pinchando en el bloque de Cookies que est\u00e1 siempre disponible en la esquina inferior izquierda.<\/p>\n<p>Asimismo, puedes bloquear o eliminar las Cookies a trav\u00e9s de las herramientas de configuraci\u00f3n del navegador, o bien, puedes configurar tu navegador para que te avise cuando un servidor quiera guardar las Cookies:<\/p>\n<ol>\n<li>Si utilizas Microsoft Internet Explorer, encontrar\u00e1s la opci\u00f3n en el men\u00fa Herramientas &gt; Opciones de Internet &gt; Privacidad &gt; Configuraci\u00f3n.<\/li>\n<li>Si utilizas Firefox, encontrar\u00e1s la opci\u00f3n en el men\u00fa Herramientas &gt; Opciones &gt; Privacidad &gt; Cookies.<\/li>\n<li>Si utilizas Chrome, en la secci\u00f3n de Opciones &gt; Opciones avanzadas &gt; Privacidad.<\/li>\n<li>Si utilizas Opera, en la opci\u00f3n de Seguridad y Privacidad, podr\u00e1s configurar el navegador.<\/li>\n<li>Si utilizas Safari encontrar\u00e1s la opci\u00f3n en el men\u00fa Preferencias\/Privacidad.<\/li>\n<\/ol>\n<p class=\"p3\"><span class=\"s1\">A continuaci\u00f3n te detallamos una lista con enlaces para cada tipo de navegador.<\/span><\/p>\n<ul>\n<li class=\"p5\"><span class=\"s2\">Configurar cookies en Google Chrome (<a href=\"https:\/\/support.google.com\/chrome\/answer\/95647?hl=es\"><span class=\"s3\">https:\/\/support.google.com\/chrome\/answer\/95647?hl=es<\/span><\/a>)<\/span><\/li>\n<li class=\"p5\"><span class=\"s2\">Configurar cookies en Microsoft Edge (<a href=\"https:\/\/support.microsoft.com\/es-es\/help\/4468242\/microsoft-edge-browsing-data-and-privacy\"><span class=\"s3\">https:\/\/support.microsoft.com\/es-es\/help\/4468242\/microsoft-edge-browsing-data-and-privacy<\/span><\/a>)<\/span><\/li>\n<li class=\"p5\"><span class=\"s2\">Configurar cookies en Microsoft Internet Explorer (<a href=\"https:\/\/support.microsoft.com\/es-es\/help\/17442\/windows-internet-explorer-delete-manage-cookies#ie=ie-11\"><span class=\"s3\">https:\/\/support.microsoft.com\/es-es\/help\/17442\/windows-internet-explorer-delete-manage-cookies#ie=ie-11<\/span><\/a>)<\/span><\/li>\n<li class=\"p5\"><span class=\"s2\">Configurar cookies en Mozilla Firefox (<a href=\"https:\/\/support.mozilla.org\/es\/kb\/habilitar-y-deshabilitar-cookies-sitios-web-rastrear-preferencias?redirectlocale=es&amp;redirectslug=habilitar-y-deshabilitar-cookies-que-los-sitios-we\"><span class=\"s3\">https:\/\/support.mozilla.org\/es\/kb\/habilitar-y-deshabilitar-cookies-sitios-web-rastrear-preferencias?redirectlocale=es&amp;redirectslug=habilitar-y-deshabilitar-cookies-que-los-sitios-we<\/span><\/a>)<\/span><\/li>\n<li class=\"p5\"><span class=\"s2\">Configurar cookies en Safari (Apple) (<a href=\"https:\/\/www.apple.com\/legal\/privacy\/es\/cookies\/\"><span class=\"s3\">https:\/\/www.apple.com\/legal\/privacy\/es\/cookies\/<\/span><\/a>)<\/span><\/li>\n<li class=\"p5\"><span class=\"s2\">Configurar cookies en Opera (<a href=\"https:\/\/help.opera.com\/en\/latest\/web-preferences\/#cookies\"><span class=\"s3\">https:\/\/help.opera.com\/en\/latest\/web-preferences\/#cookies<\/span><\/a>)<\/span><\/li>\n<\/ul>\n<p><span class=\"s1\">En relaci\u00f3n a los dispositivos m\u00f3viles, aqu\u00ed te dejamos m\u00e1s informaci\u00f3n.<\/span><\/p>\n<ul>\n<li class=\"p3\"><span class=\"s1\">Para Android: Men\u00fa &gt; M\u00e1s &gt; Ajustes &gt; Ajustes de privacidad.<\/span><\/li>\n<li class=\"p3\"><span class=\"s1\">Para Safari iOS: Configurar cookies en Safari (iOS) (<a href=\"https:\/\/support.apple.com\/es-es\/HT201265\"><span class=\"s4\">https:\/\/support.apple.com\/es-es\/HT201265<\/span><\/a>)<\/span><\/li>\n<li class=\"p3\"><span class=\"s1\">Para Blackberry: Home &gt; Browser &gt; Options &gt; Privacy &amp; Security: clear the Accept Cookies &gt; Save<\/span><\/li>\n<li class=\"p5\"><span class=\"s2\">Para Windows Phone: Configurar Windows Phone (<a href=\"https:\/\/support.microsoft.com\/es-es\/help\/10671\/windows-phone-tips-and-tricks\"><span class=\"s3\">https:\/\/support.microsoft.com\/es-es\/help\/10671\/windows-phone-tips-and-tricks<\/span><\/a>)<\/span><\/li>\n<\/ul>\n<h4 class=\"p3\">6. Otros<\/h4>\n<p>Cabe destacar que <strong>ONIVIA<\/strong> se reserva el derecho de revisar su Pol\u00edtica de Cookies en el momento en que lo considere oportuno, en cuyo caso, se comunicar\u00e1 a los Usuarios. Por esta raz\u00f3n, rogamos que compruebes de forma regular esta Pol\u00edtica de Cookies para tener conocimiento pleno de las mismas y para aceptar, cuando corresponda, las Cookies oportunas.<\/p>\n<p>Al acceder y hacer uso de nuestra P\u00e1gina Web, como Usuario, declaras haber sido informado de las condiciones sobre el uso de nuestras Cookies, sin perjuicio de que para la instalaci\u00f3n de ciertas Cookies se requiera de tu consentimiento expreso mediante el panel de configuraci\u00f3n de Cookies mencionado.<\/p>\n<p>La presente Pol\u00edtica de Cookies est\u00e1 complementada por la <a href=\"https:\/\/onivia.net\/es\/politica-de-privacidad\/\"><strong><u>Pol\u00edtica de Privacidad<\/u><\/strong><\/a> y el <a href=\"https:\/\/onivia.net\/es\/aviso-legal\/\"><strong>Aviso Legal<\/strong><\/a>. Todo ello sin perjuicio de cualquier otra regulaci\u00f3n o texto legal que sea necesario a\u00f1adir, complementar, o bien tener en cuenta en cumplimiento de lo dispuesto en la legislaci\u00f3n vigente en cada momento.<\/p>\n<p><strong>\u00a0<\/strong><\/p>\n<p><strong>\u00a9 PENTACOM INVESTMENTS SPAIN OPCO, S.L., 2023. Todos los derechos reservados.<\/strong><\/p>\n<p>&nbsp;<\/p>","protected":false},"excerpt":{"rendered":"\u00daltima actualizaci\u00f3n: Septiembre de 2023 1- Objeto Desde PENTACOM INVESTMENTS SPAIN OPCO, S.L. (en adelante, \u201cONIVIA\u201d, \u201cnosotros\u201d, \u201cnuestro\/s, nuestra\/s\u201d, \u201cnos\u201d) queremos ofrecerte, como usuario (de ahora en adelante, el \u201cUsuario\u201d, \u201ct\u00fa\u201d, \u201ca ti\u201d y \u201ctuyo\/a\u201d), una experiencia y un servicio seguro en nuestro entorno web, ubicado en la direcci\u00f3n de &lt;https:\/\/onivia.net&gt; (en adelante, la \u201cP\u00e1gina&#8230;","protected":false},"author":1,"featured_media":0,"parent":0,"menu_order":20,"comment_status":"closed","ping_status":"closed","template":"","meta":{"_acf_changed":false,"inline_featured_image":false,"footnotes":""},"class_list":["post-50","page","type-page","status-publish","hentry"],"acf":[],"yoast_head":"<!-- This site is optimized with the Yoast SEO plugin v26.0 - https:\/\/yoast.com\/wordpress\/plugins\/seo\/ -->\n<title>Pol\u00edtica de cookies - Onivia<\/title>\n<meta name=\"robots\" content=\"index, follow, max-snippet:-1, max-image-preview:large, max-video-preview:-1\" \/>\n<link rel=\"canonical\" href=\"https:\/\/onivia.net\/es\/politica-de-cookies\/\" \/>\n<meta property=\"og:locale\" content=\"es_ES\" \/>\n<meta property=\"og:type\" content=\"article\" \/>\n<meta property=\"og:title\" content=\"[:es]Pol\u00edtica de cookies[:en]Cookies policy[:] - Onivia\" \/>\n<meta property=\"og:description\" content=\"\u00daltima actualizaci\u00f3n: Septiembre de 2023 1- Objeto Desde PENTACOM INVESTMENTS SPAIN OPCO, S.L. (en adelante, \u201cONIVIA\u201d, \u201cnosotros\u201d, \u201cnuestro\/s, nuestra\/s\u201d, \u201cnos\u201d) queremos ofrecerte, como usuario (de ahora en adelante, el \u201cUsuario\u201d, \u201ct\u00fa\u201d, \u201ca ti\u201d y \u201ctuyo\/a\u201d), una experiencia y un servicio seguro en nuestro entorno web, ubicado en la direcci\u00f3n de &lt;https:\/\/onivia.net&gt; (en adelante, la \u201cP\u00e1gina...\" \/>\n<meta property=\"og:url\" content=\"https:\/\/onivia.net\/es\/politica-de-cookies\/\" \/>\n<meta property=\"og:site_name\" content=\"Onivia\" \/>\n<meta property=\"article:modified_time\" content=\"2023-09-29T09:07:56+00:00\" \/>\n<meta name=\"twitter:card\" content=\"summary_large_image\" \/>\n<meta name=\"twitter:label1\" content=\"Tiempo de lectura\" \/>\n\t<meta name=\"twitter:data1\" content=\"8 minutos\" \/>\n<script type=\"application\/ld+json\" class=\"yoast-schema-graph\">{\"@context\":\"https:\/\/schema.org\",\"@graph\":[{\"@type\":\"WebPage\",\"@id\":\"https:\/\/onivia.net\/es\/politica-de-cookies\/\",\"url\":\"https:\/\/onivia.net\/es\/politica-de-cookies\/\",\"name\":\"[:es]Pol\u00edtica de cookies[:en]Cookies policy[:] - Onivia\",\"isPartOf\":{\"@id\":\"https:\/\/onivia.net\/en\/#website\"},\"datePublished\":\"2023-04-24T16:09:20+00:00\",\"dateModified\":\"2023-09-29T09:07:56+00:00\",\"breadcrumb\":{\"@id\":\"https:\/\/onivia.net\/es\/politica-de-cookies\/#breadcrumb\"},\"inLanguage\":\"es\",\"potentialAction\":[{\"@type\":\"ReadAction\",\"target\":[\"https:\/\/onivia.net\/es\/politica-de-cookies\/\"]}]},{\"@type\":\"BreadcrumbList\",\"@id\":\"https:\/\/onivia.net\/es\/politica-de-cookies\/#breadcrumb\",\"itemListElement\":[{\"@type\":\"ListItem\",\"position\":1,\"name\":\"Portada\",\"item\":\"https:\/\/onivia.net\/es\/\"},{\"@type\":\"ListItem\",\"position\":2,\"name\":\"Pol\u00edtica de cookies\"}]},{\"@type\":\"WebSite\",\"@id\":\"https:\/\/onivia.net\/en\/#website\",\"url\":\"https:\/\/onivia.net\/en\/\",\"name\":\"Onivia\",\"description\":\"\",\"potentialAction\":[{\"@type\":\"SearchAction\",\"target\":{\"@type\":\"EntryPoint\",\"urlTemplate\":\"https:\/\/onivia.net\/en\/?s={search_term_string}\"},\"query-input\":{\"@type\":\"PropertyValueSpecification\",\"valueRequired\":true,\"valueName\":\"search_term_string\"}}],\"inLanguage\":\"es\"}]}<\/script>\n<!-- \/ Yoast SEO plugin. -->","yoast_head_json":{"title":"[:es]Pol\u00edtica de cookies[:en]Cookies policy[:] - Onivia","robots":{"index":"index","follow":"follow","max-snippet":"max-snippet:-1","max-image-preview":"max-image-preview:large","max-video-preview":"max-video-preview:-1"},"canonical":"https:\/\/onivia.net\/es\/politica-de-cookies\/","og_locale":"es_ES","og_type":"article","og_title":"[:es]Pol\u00edtica de cookies[:en]Cookies policy[:] - Onivia","og_description":"\u00daltima actualizaci\u00f3n: Septiembre de 2023 1- Objeto Desde PENTACOM INVESTMENTS SPAIN OPCO, S.L. (en adelante, \u201cONIVIA\u201d, \u201cnosotros\u201d, \u201cnuestro\/s, nuestra\/s\u201d, \u201cnos\u201d) queremos ofrecerte, como usuario (de ahora en adelante, el \u201cUsuario\u201d, \u201ct\u00fa\u201d, \u201ca ti\u201d y \u201ctuyo\/a\u201d), una experiencia y un servicio seguro en nuestro entorno web, ubicado en la direcci\u00f3n de &lt;https:\/\/onivia.net&gt; (en adelante, la \u201cP\u00e1gina...","og_url":"https:\/\/onivia.net\/es\/politica-de-cookies\/","og_site_name":"Onivia","article_modified_time":"2023-09-29T09:07:56+00:00","twitter_card":"summary_large_image","twitter_misc":{"Tiempo de lectura":"8 minutos"},"schema":{"@context":"https:\/\/schema.org","@graph":[{"@type":"WebPage","@id":"https:\/\/onivia.net\/es\/politica-de-cookies\/","url":"https:\/\/onivia.net\/es\/politica-de-cookies\/","name":"[:es]Pol\u00edtica de cookies[:en]Cookies policy[:] - Onivia","isPartOf":{"@id":"https:\/\/onivia.net\/en\/#website"},"datePublished":"2023-04-24T16:09:20+00:00","dateModified":"2023-09-29T09:07:56+00:00","breadcrumb":{"@id":"https:\/\/onivia.net\/es\/politica-de-cookies\/#breadcrumb"},"inLanguage":"es","potentialAction":[{"@type":"ReadAction","target":["https:\/\/onivia.net\/es\/politica-de-cookies\/"]}]},{"@type":"BreadcrumbList","@id":"https:\/\/onivia.net\/es\/politica-de-cookies\/#breadcrumb","itemListElement":[{"@type":"ListItem","position":1,"name":"Portada","item":"https:\/\/onivia.net\/es\/"},{"@type":"ListItem","position":2,"name":"Pol\u00edtica de cookies"}]},{"@type":"WebSite","@id":"https:\/\/onivia.net\/en\/#website","url":"https:\/\/onivia.net\/en\/","name":"Onivia","description":"","potentialAction":[{"@type":"SearchAction","target":{"@type":"EntryPoint","urlTemplate":"https:\/\/onivia.net\/en\/?s={search_term_string}"},"query-input":{"@type":"PropertyValueSpecification","valueRequired":true,"valueName":"search_term_string"}}],"inLanguage":"es"}]}},"_links":{"self":[{"href":"https:\/\/onivia.net\/es\/wp-json\/wp\/v2\/pages\/50","targetHints":{"allow":["GET"]}}],"collection":[{"href":"https:\/\/onivia.net\/es\/wp-json\/wp\/v2\/pages"}],"about":[{"href":"https:\/\/onivia.net\/es\/wp-json\/wp\/v2\/types\/page"}],"author":[{"embeddable":true,"href":"https:\/\/onivia.net\/es\/wp-json\/wp\/v2\/users\/1"}],"replies":[{"embeddable":true,"href":"https:\/\/onivia.net\/es\/wp-json\/wp\/v2\/comments?post=50"}],"version-history":[{"count":15,"href":"https:\/\/onivia.net\/es\/wp-json\/wp\/v2\/pages\/50\/revisions"}],"predecessor-version":[{"id":2106,"href":"https:\/\/onivia.net\/es\/wp-json\/wp\/v2\/pages\/50\/revisions\/2106"}],"wp:attachment":[{"href":"https:\/\/onivia.net\/es\/wp-json\/wp\/v2\/media?parent=50"}],"curies":[{"name":"wp","href":"https:\/\/api.w.org\/{rel}","templated":true}]}}