{"id":3191,"date":"2025-10-08T06:05:40","date_gmt":"2025-10-08T06:05:40","guid":{"rendered":"https:\/\/onivia.net\/es\/?page_id=3191"},"modified":"2025-12-01T10:56:41","modified_gmt":"2025-12-01T10:56:41","slug":"iii-foro-wholesalespain","status":"publish","type":"page","link":"https:\/\/onivia.net\/es\/foro-wholesale-spain-3\/","title":{"rendered":"III Foro #WholesaleSpain"},"content":{"rendered":"<p><\/p>\n<h4>Resiliencia y futuro en las infraestructuras digitales<\/h4>\n<p data-start=\"1170\" data-end=\"1427\">El III Foro #WholesaleSpain, organizado por <a href=\"https:\/\/onivia.net\/es\/\"><strong data-start=\"1214\" data-end=\"1224\">Onivia<\/strong> <\/a>en colaboraci\u00f3n con <a href=\"https:\/\/nae.global\/es\/\"><strong data-start=\"1245\" data-end=\"1252\">Nae<\/strong><\/a>, <strong>empresa de Minsait (Indra Group)<\/strong>, reuni\u00f3 en Madrid a destacados representantes del sector para analizar c\u00f3mo reforzar la capacidad del ecosistema digital para resistir y recuperarse ante crisis y amenazas.<\/p>\n<p data-start=\"1429\" data-end=\"1711\">Bajo el t\u00edtulo <em data-start=\"1444\" data-end=\"1502\">\u201cResiliencia y futuro en las infraestructuras digitales\u201d<\/em>, la mesa redonda \u2014con la participaci\u00f3n de <strong data-start=\"1545\" data-end=\"1562\">Cellnex Spain<\/strong>, <strong data-start=\"1564\" data-end=\"1600\">Iron Mountain Data Centers Spain<\/strong> y <strong data-start=\"1603\" data-end=\"1623\">Asteo Red Neutra<\/strong>\u2014 abord\u00f3 la resiliencia desde una triple perspectiva: <strong data-start=\"1677\" data-end=\"1708\">t\u00e9cnica, econ\u00f3mica y social<\/strong>.<\/p>\n<p data-start=\"1713\" data-end=\"1896\">El informe recoge las principales ideas y conclusiones del encuentro, as\u00ed como recomendaciones para fortalecer la continuidad operativa, la seguridad y la sostenibilidad de las redes.<\/p>\n<p data-start=\"1898\" data-end=\"1963\">\ud83d\udce5 <strong data-start=\"1901\" data-end=\"1934\">Descarga el informe completo <a href=\"https:\/\/onivia.net\/wp-content\/uploads\/2025\/10\/iii-foro-wholesalespain-resiliencia-y-futuro-en-las-infraestructuras-digitales-web.pdf\">aqu\u00ed<\/a>\u00a0<\/strong><\/p>\n<p>&nbsp;<\/p>","protected":false},"excerpt":{"rendered":"Resiliencia y futuro en las infraestructuras digitales El III Foro #WholesaleSpain, organizado por Onivia en colaboraci\u00f3n con Nae, empresa de Minsait (Indra Group), reuni\u00f3 en Madrid a destacados representantes del sector para analizar c\u00f3mo reforzar la capacidad del ecosistema digital para resistir y recuperarse ante crisis y amenazas. Bajo el t\u00edtulo \u201cResiliencia y futuro en&#8230;","protected":false},"author":6,"featured_media":0,"parent":0,"menu_order":0,"comment_status":"closed","ping_status":"closed","template":"","meta":{"_acf_changed":false,"inline_featured_image":false,"footnotes":""},"class_list":["post-3191","page","type-page","status-publish","hentry"],"acf":[],"yoast_head":"<!-- This site is optimized with the Yoast SEO plugin v26.0 - https:\/\/yoast.com\/wordpress\/plugins\/seo\/ -->\n<title>III Foro #WholesaleSpain<\/title>\n<meta name=\"description\" content=\"Onivia, en colaboraci\u00f3n con Nae, te invita a una jornada para explorar el presente y el futuro del mercado mayorista, la resiliencia de las redes y las nuevas oportunidades de crecimiento.\" \/>\n<meta name=\"robots\" content=\"noindex, nofollow\" \/>\n<meta property=\"og:locale\" content=\"es_ES\" \/>\n<meta property=\"og:type\" content=\"article\" \/>\n<meta property=\"og:title\" content=\"III Foro #WholesaleSpain\" \/>\n<meta property=\"og:description\" content=\"Onivia, en colaboraci\u00f3n con Nae, te invita a una jornada para explorar el presente y el futuro del mercado mayorista, la resiliencia de las redes y las nuevas oportunidades de crecimiento.\" \/>\n<meta property=\"og:url\" content=\"https:\/\/onivia.net\/es\/foro-wholesale-spain-3\/\" \/>\n<meta property=\"og:site_name\" content=\"Onivia\" \/>\n<meta property=\"article:modified_time\" content=\"2025-12-01T10:56:41+00:00\" \/>\n<meta name=\"twitter:card\" content=\"summary_large_image\" \/>\n<meta name=\"twitter:label1\" content=\"Tiempo de lectura\" \/>\n\t<meta name=\"twitter:data1\" content=\"1 minuto\" \/>\n<script type=\"application\/ld+json\" class=\"yoast-schema-graph\">{\"@context\":\"https:\/\/schema.org\",\"@graph\":[{\"@type\":\"WebPage\",\"@id\":\"https:\/\/onivia.net\/es\/foro-wholesale-spain-3\/\",\"url\":\"https:\/\/onivia.net\/es\/foro-wholesale-spain-3\/\",\"name\":\"III Foro #WholesaleSpain\",\"isPartOf\":{\"@id\":\"https:\/\/onivia.net\/en\/#website\"},\"datePublished\":\"2025-10-08T06:05:40+00:00\",\"dateModified\":\"2025-12-01T10:56:41+00:00\",\"description\":\"Onivia, en colaboraci\u00f3n con Nae, te invita a una jornada para explorar el presente y el futuro del mercado mayorista, la resiliencia de las redes y las nuevas oportunidades de crecimiento.\",\"breadcrumb\":{\"@id\":\"https:\/\/onivia.net\/es\/foro-wholesale-spain-3\/#breadcrumb\"},\"inLanguage\":\"es\",\"potentialAction\":[{\"@type\":\"ReadAction\",\"target\":[\"https:\/\/onivia.net\/es\/foro-wholesale-spain-3\/\"]}]},{\"@type\":\"BreadcrumbList\",\"@id\":\"https:\/\/onivia.net\/es\/foro-wholesale-spain-3\/#breadcrumb\",\"itemListElement\":[{\"@type\":\"ListItem\",\"position\":1,\"name\":\"Portada\",\"item\":\"https:\/\/onivia.net\/es\/\"},{\"@type\":\"ListItem\",\"position\":2,\"name\":\"III Foro #WholesaleSpain\"}]},{\"@type\":\"WebSite\",\"@id\":\"https:\/\/onivia.net\/en\/#website\",\"url\":\"https:\/\/onivia.net\/en\/\",\"name\":\"Onivia\",\"description\":\"\",\"potentialAction\":[{\"@type\":\"SearchAction\",\"target\":{\"@type\":\"EntryPoint\",\"urlTemplate\":\"https:\/\/onivia.net\/en\/?s={search_term_string}\"},\"query-input\":{\"@type\":\"PropertyValueSpecification\",\"valueRequired\":true,\"valueName\":\"search_term_string\"}}],\"inLanguage\":\"es\"}]}<\/script>\n<!-- \/ Yoast SEO plugin. -->","yoast_head_json":{"title":"III Foro #WholesaleSpain","description":"Onivia, en colaboraci\u00f3n con Nae, te invita a una jornada para explorar el presente y el futuro del mercado mayorista, la resiliencia de las redes y las nuevas oportunidades de crecimiento.","robots":{"index":"noindex","follow":"nofollow"},"og_locale":"es_ES","og_type":"article","og_title":"III Foro #WholesaleSpain","og_description":"Onivia, en colaboraci\u00f3n con Nae, te invita a una jornada para explorar el presente y el futuro del mercado mayorista, la resiliencia de las redes y las nuevas oportunidades de crecimiento.","og_url":"https:\/\/onivia.net\/es\/foro-wholesale-spain-3\/","og_site_name":"Onivia","article_modified_time":"2025-12-01T10:56:41+00:00","twitter_card":"summary_large_image","twitter_misc":{"Tiempo de lectura":"1 minuto"},"schema":{"@context":"https:\/\/schema.org","@graph":[{"@type":"WebPage","@id":"https:\/\/onivia.net\/es\/foro-wholesale-spain-3\/","url":"https:\/\/onivia.net\/es\/foro-wholesale-spain-3\/","name":"III Foro #WholesaleSpain","isPartOf":{"@id":"https:\/\/onivia.net\/en\/#website"},"datePublished":"2025-10-08T06:05:40+00:00","dateModified":"2025-12-01T10:56:41+00:00","description":"Onivia, en colaboraci\u00f3n con Nae, te invita a una jornada para explorar el presente y el futuro del mercado mayorista, la resiliencia de las redes y las nuevas oportunidades de crecimiento.","breadcrumb":{"@id":"https:\/\/onivia.net\/es\/foro-wholesale-spain-3\/#breadcrumb"},"inLanguage":"es","potentialAction":[{"@type":"ReadAction","target":["https:\/\/onivia.net\/es\/foro-wholesale-spain-3\/"]}]},{"@type":"BreadcrumbList","@id":"https:\/\/onivia.net\/es\/foro-wholesale-spain-3\/#breadcrumb","itemListElement":[{"@type":"ListItem","position":1,"name":"Portada","item":"https:\/\/onivia.net\/es\/"},{"@type":"ListItem","position":2,"name":"III Foro #WholesaleSpain"}]},{"@type":"WebSite","@id":"https:\/\/onivia.net\/en\/#website","url":"https:\/\/onivia.net\/en\/","name":"Onivia","description":"","potentialAction":[{"@type":"SearchAction","target":{"@type":"EntryPoint","urlTemplate":"https:\/\/onivia.net\/en\/?s={search_term_string}"},"query-input":{"@type":"PropertyValueSpecification","valueRequired":true,"valueName":"search_term_string"}}],"inLanguage":"es"}]}},"_links":{"self":[{"href":"https:\/\/onivia.net\/es\/wp-json\/wp\/v2\/pages\/3191","targetHints":{"allow":["GET"]}}],"collection":[{"href":"https:\/\/onivia.net\/es\/wp-json\/wp\/v2\/pages"}],"about":[{"href":"https:\/\/onivia.net\/es\/wp-json\/wp\/v2\/types\/page"}],"author":[{"embeddable":true,"href":"https:\/\/onivia.net\/es\/wp-json\/wp\/v2\/users\/6"}],"replies":[{"embeddable":true,"href":"https:\/\/onivia.net\/es\/wp-json\/wp\/v2\/comments?post=3191"}],"version-history":[{"count":12,"href":"https:\/\/onivia.net\/es\/wp-json\/wp\/v2\/pages\/3191\/revisions"}],"predecessor-version":[{"id":3214,"href":"https:\/\/onivia.net\/es\/wp-json\/wp\/v2\/pages\/3191\/revisions\/3214"}],"wp:attachment":[{"href":"https:\/\/onivia.net\/es\/wp-json\/wp\/v2\/media?parent=3191"}],"curies":[{"name":"wp","href":"https:\/\/api.w.org\/{rel}","templated":true}]}}