{"id":2785,"date":"2025-04-23T07:13:49","date_gmt":"2025-04-23T07:13:49","guid":{"rendered":"https:\/\/onivia.net\/es\/?page_id=2785"},"modified":"2025-11-07T10:50:03","modified_gmt":"2025-11-07T10:50:03","slug":"tour-onivia","status":"publish","type":"page","link":"https:\/\/onivia.net\/es\/tour-onivia\/","title":{"rendered":"Tour Onivia"},"content":{"rendered":"<p><b>Lo que imaginas, ahora es posible<\/b>.<\/p>\n<p data-start=\"251\" data-end=\"406\">El <strong data-start=\"254\" data-end=\"269\">Tour Onivia<\/strong> naci\u00f3 con un prop\u00f3sito claro: estar cerca de los operadores, escuchar sus retos y construir juntos el futuro de la conectividad local.<\/p>\n<p data-start=\"408\" data-end=\"669\">Tras recorrer <strong data-start=\"422\" data-end=\"455\">Levante, Catalu\u00f1a y Andaluc\u00eda<\/strong>, cerramos un viaje lleno de aprendizajes, conversaciones y nuevas oportunidades.<br data-start=\"536\" data-end=\"539\" \/>Cada parada ha sido una muestra de colaboraci\u00f3n, cercan\u00eda y visi\u00f3n compartida para seguir impulsando la digitalizaci\u00f3n del pa\u00eds.<\/p>\n<p data-start=\"671\" data-end=\"821\">\ud83d\udc99 <strong data-start=\"674\" data-end=\"734\">Gracias a todos los operadores, colaboradores y expertos<\/strong> que formaron parte de este recorrido.<br data-start=\"772\" data-end=\"775\" \/>Sigamos conectando personas, datos y futuro.<\/p>\n<p><\/p>","protected":false},"excerpt":{"rendered":"Lo que imaginas, ahora es posible. El Tour Onivia naci\u00f3 con un prop\u00f3sito claro: estar cerca de los operadores, escuchar sus retos y construir juntos el futuro de la conectividad local. Tras recorrer Levante, Catalu\u00f1a y Andaluc\u00eda, cerramos un viaje lleno de aprendizajes, conversaciones y nuevas oportunidades.Cada parada ha sido una muestra de colaboraci\u00f3n, cercan\u00eda&#8230;","protected":false},"author":6,"featured_media":0,"parent":0,"menu_order":0,"comment_status":"closed","ping_status":"closed","template":"templates\/14-esg-page.php","meta":{"_acf_changed":false,"inline_featured_image":false,"footnotes":""},"class_list":["post-2785","page","type-page","status-publish","hentry"],"acf":[],"yoast_head":"<!-- This site is optimized with the Yoast SEO plugin v26.0 - https:\/\/yoast.com\/wordpress\/plugins\/seo\/ -->\n<title>Tour Onivia - Onivia<\/title>\n<meta name=\"robots\" content=\"index, follow, max-snippet:-1, max-image-preview:large, max-video-preview:-1\" \/>\n<link rel=\"canonical\" href=\"https:\/\/onivia.net\/es\/tour-onivia\/\" \/>\n<meta property=\"og:locale\" content=\"es_ES\" \/>\n<meta property=\"og:type\" content=\"article\" \/>\n<meta property=\"og:title\" content=\"Tour Onivia - Onivia\" \/>\n<meta property=\"og:description\" content=\"Lo que imaginas, ahora es posible. El Tour Onivia naci\u00f3 con un prop\u00f3sito claro: estar cerca de los operadores, escuchar sus retos y construir juntos el futuro de la conectividad local. Tras recorrer Levante, Catalu\u00f1a y Andaluc\u00eda, cerramos un viaje lleno de aprendizajes, conversaciones y nuevas oportunidades.Cada parada ha sido una muestra de colaboraci\u00f3n, cercan\u00eda...\" \/>\n<meta property=\"og:url\" content=\"https:\/\/onivia.net\/es\/tour-onivia\/\" \/>\n<meta property=\"og:site_name\" content=\"Onivia\" \/>\n<meta property=\"article:modified_time\" content=\"2025-11-07T10:50:03+00:00\" \/>\n<meta name=\"twitter:card\" content=\"summary_large_image\" \/>\n<meta name=\"twitter:label1\" content=\"Tiempo de lectura\" \/>\n\t<meta name=\"twitter:data1\" content=\"1 minuto\" \/>\n<script type=\"application\/ld+json\" class=\"yoast-schema-graph\">{\"@context\":\"https:\/\/schema.org\",\"@graph\":[{\"@type\":\"WebPage\",\"@id\":\"https:\/\/onivia.net\/es\/tour-onivia\/\",\"url\":\"https:\/\/onivia.net\/es\/tour-onivia\/\",\"name\":\"Tour Onivia - Onivia\",\"isPartOf\":{\"@id\":\"https:\/\/onivia.net\/en\/#website\"},\"datePublished\":\"2025-04-23T07:13:49+00:00\",\"dateModified\":\"2025-11-07T10:50:03+00:00\",\"breadcrumb\":{\"@id\":\"https:\/\/onivia.net\/es\/tour-onivia\/#breadcrumb\"},\"inLanguage\":\"es\",\"potentialAction\":[{\"@type\":\"ReadAction\",\"target\":[\"https:\/\/onivia.net\/es\/tour-onivia\/\"]}]},{\"@type\":\"BreadcrumbList\",\"@id\":\"https:\/\/onivia.net\/es\/tour-onivia\/#breadcrumb\",\"itemListElement\":[{\"@type\":\"ListItem\",\"position\":1,\"name\":\"Portada\",\"item\":\"https:\/\/onivia.net\/es\/\"},{\"@type\":\"ListItem\",\"position\":2,\"name\":\"Tour Onivia\"}]},{\"@type\":\"WebSite\",\"@id\":\"https:\/\/onivia.net\/en\/#website\",\"url\":\"https:\/\/onivia.net\/en\/\",\"name\":\"Onivia\",\"description\":\"\",\"potentialAction\":[{\"@type\":\"SearchAction\",\"target\":{\"@type\":\"EntryPoint\",\"urlTemplate\":\"https:\/\/onivia.net\/en\/?s={search_term_string}\"},\"query-input\":{\"@type\":\"PropertyValueSpecification\",\"valueRequired\":true,\"valueName\":\"search_term_string\"}}],\"inLanguage\":\"es\"}]}<\/script>\n<!-- \/ Yoast SEO plugin. -->","yoast_head_json":{"title":"Tour Onivia - Onivia","robots":{"index":"index","follow":"follow","max-snippet":"max-snippet:-1","max-image-preview":"max-image-preview:large","max-video-preview":"max-video-preview:-1"},"canonical":"https:\/\/onivia.net\/es\/tour-onivia\/","og_locale":"es_ES","og_type":"article","og_title":"Tour Onivia - Onivia","og_description":"Lo que imaginas, ahora es posible. El Tour Onivia naci\u00f3 con un prop\u00f3sito claro: estar cerca de los operadores, escuchar sus retos y construir juntos el futuro de la conectividad local. Tras recorrer Levante, Catalu\u00f1a y Andaluc\u00eda, cerramos un viaje lleno de aprendizajes, conversaciones y nuevas oportunidades.Cada parada ha sido una muestra de colaboraci\u00f3n, cercan\u00eda...","og_url":"https:\/\/onivia.net\/es\/tour-onivia\/","og_site_name":"Onivia","article_modified_time":"2025-11-07T10:50:03+00:00","twitter_card":"summary_large_image","twitter_misc":{"Tiempo de lectura":"1 minuto"},"schema":{"@context":"https:\/\/schema.org","@graph":[{"@type":"WebPage","@id":"https:\/\/onivia.net\/es\/tour-onivia\/","url":"https:\/\/onivia.net\/es\/tour-onivia\/","name":"Tour Onivia - Onivia","isPartOf":{"@id":"https:\/\/onivia.net\/en\/#website"},"datePublished":"2025-04-23T07:13:49+00:00","dateModified":"2025-11-07T10:50:03+00:00","breadcrumb":{"@id":"https:\/\/onivia.net\/es\/tour-onivia\/#breadcrumb"},"inLanguage":"es","potentialAction":[{"@type":"ReadAction","target":["https:\/\/onivia.net\/es\/tour-onivia\/"]}]},{"@type":"BreadcrumbList","@id":"https:\/\/onivia.net\/es\/tour-onivia\/#breadcrumb","itemListElement":[{"@type":"ListItem","position":1,"name":"Portada","item":"https:\/\/onivia.net\/es\/"},{"@type":"ListItem","position":2,"name":"Tour Onivia"}]},{"@type":"WebSite","@id":"https:\/\/onivia.net\/en\/#website","url":"https:\/\/onivia.net\/en\/","name":"Onivia","description":"","potentialAction":[{"@type":"SearchAction","target":{"@type":"EntryPoint","urlTemplate":"https:\/\/onivia.net\/en\/?s={search_term_string}"},"query-input":{"@type":"PropertyValueSpecification","valueRequired":true,"valueName":"search_term_string"}}],"inLanguage":"es"}]}},"_links":{"self":[{"href":"https:\/\/onivia.net\/es\/wp-json\/wp\/v2\/pages\/2785","targetHints":{"allow":["GET"]}}],"collection":[{"href":"https:\/\/onivia.net\/es\/wp-json\/wp\/v2\/pages"}],"about":[{"href":"https:\/\/onivia.net\/es\/wp-json\/wp\/v2\/types\/page"}],"author":[{"embeddable":true,"href":"https:\/\/onivia.net\/es\/wp-json\/wp\/v2\/users\/6"}],"replies":[{"embeddable":true,"href":"https:\/\/onivia.net\/es\/wp-json\/wp\/v2\/comments?post=2785"}],"version-history":[{"count":33,"href":"https:\/\/onivia.net\/es\/wp-json\/wp\/v2\/pages\/2785\/revisions"}],"predecessor-version":[{"id":3219,"href":"https:\/\/onivia.net\/es\/wp-json\/wp\/v2\/pages\/2785\/revisions\/3219"}],"wp:attachment":[{"href":"https:\/\/onivia.net\/es\/wp-json\/wp\/v2\/media?parent=2785"}],"curies":[{"name":"wp","href":"https:\/\/api.w.org\/{rel}","templated":true}]}}