{"id":2697,"date":"2025-02-04T14:13:55","date_gmt":"2025-02-04T14:13:55","guid":{"rendered":"https:\/\/onivia.net\/es\/?page_id=2697"},"modified":"2025-02-04T15:42:44","modified_gmt":"2025-02-04T15:42:44","slug":"politica-de-seguridad-de-la-informacion-psi","status":"publish","type":"page","link":"https:\/\/onivia.net\/es\/politica-seguridad-informacion\/","title":{"rendered":"Pol\u00edtica de Seguridad de la Informaci\u00f3n"},"content":{"rendered":"<p>Onivia tiene como misi\u00f3n facilitar el crecimiento de nuestros clientes a trav\u00e9s de una infraestructura de FTTH s\u00f3lida y competitiva proporcionada por un equipo de personas integras y expertas que se adapten al cliente y a sus necesidades.<\/p>\n<p>Su Direcci\u00f3n ha desarrollado e implementado un Sistema de Seguridad de la Informaci\u00f3n (SGSI), sometido a un proceso de optimizaci\u00f3n constante, de acuerdo con los requisitos de la norma ISO\/IEC 27001:2022, para la adecuada protecci\u00f3n de todos los activos de informaci\u00f3n.<\/p>\n<p>La presente Pol\u00edtica se desarrolla con la finalidad de establecer un marco de actuaci\u00f3n \u00fanico que demuestre el liderazgo y el compromiso de la Direcci\u00f3n con el SGSI, as\u00ed como de proveer los recursos necesarios para su puesta en marcha y mejora continua.<\/p>\n<p>La Direcci\u00f3n de Onivia y los \u00f3rganos de administraci\u00f3n de la sociedad han designado al Comit\u00e9 de Seguridad de la Informaci\u00f3n (CSI) como m\u00e1ximo responsable encargado de revisarla, mantenerla, actualizarla y difundirla. En el documento \u201cRoles, responsabilidades y autoridad\u201d se define el marco organizativo, su estructura, sus miembros, los roles y responsabilidades pertinentes para asegurar la conformidad, adecuaci\u00f3n y buen comportamiento del SGSI, de acuerdo con la presente Pol\u00edtica y las mejores pr\u00e1cticas del mercado, as\u00ed como el procedimiento para su designaci\u00f3n y renovaci\u00f3n.<\/p>\n<p>Esta Pol\u00edtica ser\u00e1 comunicada, difundida y seguida por todo el personal de la Organizaci\u00f3n y dem\u00e1s grupos de inter\u00e9s (trabajadores, proveedores, clientes, etc) que compartan servicios con Onivia o trate su informaci\u00f3n, siendo de obligado cumplimiento dentro de su \u00e1mbito de responsabilidad.<\/p>\n<p>Su incumplimiento podr\u00e1 acarrear el inicio de las medidas disciplinarias oportunas y, en su caso, las responsabilidades legales correspondientes.<\/p>\n<p>La Pol\u00edtica se desarrolla y complementa mediante un conjunto de normas, procedimientos, gu\u00edas, instrucciones t\u00e9cnicas, etc., que afrontan aspectos espec\u00edficos en materia de Seguridad de la Informaci\u00f3n. Esta documentaci\u00f3n, as\u00ed como el resto de documentaci\u00f3n del SGSI (procesos, registros, informes, evidencias, programas, etc) es mantenida en sus \u00faltimas versiones mediante el sistema de gesti\u00f3n documental de la Organizaci\u00f3n y es accesible al personal y grupos de inter\u00e9s pertinentes con base en su clasificaci\u00f3n de seguridad y funciones. Las directrices para estructuraci\u00f3n, gesti\u00f3n y acceso de esta documentaci\u00f3n se encuentran en el documento \u201cGesti\u00f3n documental\u201d.<\/p>\n<p>La Direcci\u00f3n de Onivia se compromete a apoyar y hacer cumplir las normas y procedimientos en los que se apoya la Pol\u00edtica de Seguridad de la Informaci\u00f3n con base en los siguientes <strong>principios<\/strong>:<\/p>\n<ol>\n<li><strong>Implementar un Sistema de Gesti\u00f3n de Seguridad de la Informaci\u00f3n<\/strong> (<em><strong>SGSI<\/strong><\/em>), basado en la norma ISO\/IEC 27001,tomando como marco de referencia la norma ISO\/IEC 27002, documentado y medible que garantice la mejora continua de la seguridad de los servicios y procesos, con el fin de prestar servicios seguros que satisfagan los requisitos de los trabajadores, clientes y grupos de inter\u00e9s.<\/li>\n<li><strong>Asignar las funciones y responsabilidades necesarias para el correcto funcionamiento del SGSI<\/strong>, con base en los procedimientos correspondientes para su designaci\u00f3n. Desarrollar la gesti\u00f3n del personal, programas de formaci\u00f3n y concienciaci\u00f3n que garanticen el nivel de capacitaci\u00f3n, competencia e implicaciones en el SGSI adecuadas a sus funciones.<\/li>\n<li><strong>Promover la implantaci\u00f3n de medidas necesarias para garantizar el cumplimiento de la legislaci\u00f3n vigente en materia de seguridad de la informaci\u00f3n<\/strong>, en especial aquella que se desprenda del tratamiento de datos de car\u00e1cter personal que realiza la Organizaci\u00f3n.<\/li>\n<li><strong>Analizar y gestionar los riesgos a los que est\u00e1 expuesta la Organizaci\u00f3n<\/strong> mediante metodolog\u00edas reconocidas internacionalmente.<\/li>\n<li><strong>Promover, establecer y evaluar<\/strong> de forma continua las medidas necesarias para mantener niveles adecuados de integridad, confidencialidad, disponibilidad de la informaci\u00f3n propia y aquella de trabajadores, clientes, proveedores y grupos de inter\u00e9s relacionadas, as\u00ed como de los sistemas de informaci\u00f3n que la tratan y mantienen.<\/li>\n<li><strong>Prevenir los incidentes de seguridad que pudiesen afectar a la Organizaci\u00f3n<\/strong> y planificar una reacci\u00f3n eficaz junto con un an\u00e1lisis posterior en el caso de que ocurran.<\/li>\n<li><strong>Velar por la continuidad de las operaciones cr\u00edticas de la Organizaci\u00f3n<\/strong> ante la manifestaci\u00f3n de incidentes disruptivos.<\/li>\n<\/ol>\n","protected":false},"excerpt":{"rendered":"Onivia tiene como misi\u00f3n facilitar el crecimiento de nuestros clientes a trav\u00e9s de una infraestructura de FTTH s\u00f3lida y competitiva proporcionada por un equipo de personas integras y expertas que se adapten al cliente y a sus necesidades. Su Direcci\u00f3n ha desarrollado e implementado un Sistema de Seguridad de la Informaci\u00f3n (SGSI), sometido a un&#8230;","protected":false},"author":6,"featured_media":0,"parent":0,"menu_order":24,"comment_status":"closed","ping_status":"closed","template":"","meta":{"_acf_changed":false,"inline_featured_image":false,"footnotes":""},"class_list":["post-2697","page","type-page","status-publish","hentry"],"acf":[],"yoast_head":"<!-- This site is optimized with the Yoast SEO plugin v26.0 - https:\/\/yoast.com\/wordpress\/plugins\/seo\/ -->\n<title>Pol\u00edtica de Seguridad de la Informaci\u00f3n - Onivia<\/title>\n<meta name=\"robots\" content=\"index, follow, max-snippet:-1, max-image-preview:large, max-video-preview:-1\" \/>\n<link rel=\"canonical\" href=\"https:\/\/onivia.net\/es\/politica-seguridad-informacion\/\" \/>\n<meta property=\"og:locale\" content=\"es_ES\" \/>\n<meta property=\"og:type\" content=\"article\" \/>\n<meta property=\"og:title\" content=\"[:es]Pol\u00edtica de Seguridad de la Informaci\u00f3n[:en]Information security policy[:] - Onivia\" \/>\n<meta property=\"og:description\" content=\"Onivia tiene como misi\u00f3n facilitar el crecimiento de nuestros clientes a trav\u00e9s de una infraestructura de FTTH s\u00f3lida y competitiva proporcionada por un equipo de personas integras y expertas que se adapten al cliente y a sus necesidades. Su Direcci\u00f3n ha desarrollado e implementado un Sistema de Seguridad de la Informaci\u00f3n (SGSI), sometido a un...\" \/>\n<meta property=\"og:url\" content=\"https:\/\/onivia.net\/es\/politica-seguridad-informacion\/\" \/>\n<meta property=\"og:site_name\" content=\"Onivia\" \/>\n<meta property=\"article:modified_time\" content=\"2025-02-04T15:42:44+00:00\" \/>\n<meta name=\"twitter:card\" content=\"summary_large_image\" \/>\n<meta name=\"twitter:label1\" content=\"Tiempo de lectura\" \/>\n\t<meta name=\"twitter:data1\" content=\"3 minutos\" \/>\n<script type=\"application\/ld+json\" class=\"yoast-schema-graph\">{\"@context\":\"https:\/\/schema.org\",\"@graph\":[{\"@type\":\"WebPage\",\"@id\":\"https:\/\/onivia.net\/es\/politica-seguridad-informacion\/\",\"url\":\"https:\/\/onivia.net\/es\/politica-seguridad-informacion\/\",\"name\":\"[:es]Pol\u00edtica de Seguridad de la Informaci\u00f3n[:en]Information security policy[:] - Onivia\",\"isPartOf\":{\"@id\":\"https:\/\/onivia.net\/en\/#website\"},\"datePublished\":\"2025-02-04T14:13:55+00:00\",\"dateModified\":\"2025-02-04T15:42:44+00:00\",\"breadcrumb\":{\"@id\":\"https:\/\/onivia.net\/es\/politica-seguridad-informacion\/#breadcrumb\"},\"inLanguage\":\"es\",\"potentialAction\":[{\"@type\":\"ReadAction\",\"target\":[\"https:\/\/onivia.net\/es\/politica-seguridad-informacion\/\"]}]},{\"@type\":\"BreadcrumbList\",\"@id\":\"https:\/\/onivia.net\/es\/politica-seguridad-informacion\/#breadcrumb\",\"itemListElement\":[{\"@type\":\"ListItem\",\"position\":1,\"name\":\"Portada\",\"item\":\"https:\/\/onivia.net\/es\/\"},{\"@type\":\"ListItem\",\"position\":2,\"name\":\"Pol\u00edtica de Seguridad de la Informaci\u00f3n\"}]},{\"@type\":\"WebSite\",\"@id\":\"https:\/\/onivia.net\/en\/#website\",\"url\":\"https:\/\/onivia.net\/en\/\",\"name\":\"Onivia\",\"description\":\"\",\"potentialAction\":[{\"@type\":\"SearchAction\",\"target\":{\"@type\":\"EntryPoint\",\"urlTemplate\":\"https:\/\/onivia.net\/en\/?s={search_term_string}\"},\"query-input\":{\"@type\":\"PropertyValueSpecification\",\"valueRequired\":true,\"valueName\":\"search_term_string\"}}],\"inLanguage\":\"es\"}]}<\/script>\n<!-- \/ Yoast SEO plugin. -->","yoast_head_json":{"title":"[:es]Pol\u00edtica de Seguridad de la Informaci\u00f3n[:en]Information security policy[:] - Onivia","robots":{"index":"index","follow":"follow","max-snippet":"max-snippet:-1","max-image-preview":"max-image-preview:large","max-video-preview":"max-video-preview:-1"},"canonical":"https:\/\/onivia.net\/es\/politica-seguridad-informacion\/","og_locale":"es_ES","og_type":"article","og_title":"[:es]Pol\u00edtica de Seguridad de la Informaci\u00f3n[:en]Information security policy[:] - Onivia","og_description":"Onivia tiene como misi\u00f3n facilitar el crecimiento de nuestros clientes a trav\u00e9s de una infraestructura de FTTH s\u00f3lida y competitiva proporcionada por un equipo de personas integras y expertas que se adapten al cliente y a sus necesidades. Su Direcci\u00f3n ha desarrollado e implementado un Sistema de Seguridad de la Informaci\u00f3n (SGSI), sometido a un...","og_url":"https:\/\/onivia.net\/es\/politica-seguridad-informacion\/","og_site_name":"Onivia","article_modified_time":"2025-02-04T15:42:44+00:00","twitter_card":"summary_large_image","twitter_misc":{"Tiempo de lectura":"3 minutos"},"schema":{"@context":"https:\/\/schema.org","@graph":[{"@type":"WebPage","@id":"https:\/\/onivia.net\/es\/politica-seguridad-informacion\/","url":"https:\/\/onivia.net\/es\/politica-seguridad-informacion\/","name":"[:es]Pol\u00edtica de Seguridad de la Informaci\u00f3n[:en]Information security policy[:] - Onivia","isPartOf":{"@id":"https:\/\/onivia.net\/en\/#website"},"datePublished":"2025-02-04T14:13:55+00:00","dateModified":"2025-02-04T15:42:44+00:00","breadcrumb":{"@id":"https:\/\/onivia.net\/es\/politica-seguridad-informacion\/#breadcrumb"},"inLanguage":"es","potentialAction":[{"@type":"ReadAction","target":["https:\/\/onivia.net\/es\/politica-seguridad-informacion\/"]}]},{"@type":"BreadcrumbList","@id":"https:\/\/onivia.net\/es\/politica-seguridad-informacion\/#breadcrumb","itemListElement":[{"@type":"ListItem","position":1,"name":"Portada","item":"https:\/\/onivia.net\/es\/"},{"@type":"ListItem","position":2,"name":"Pol\u00edtica de Seguridad de la Informaci\u00f3n"}]},{"@type":"WebSite","@id":"https:\/\/onivia.net\/en\/#website","url":"https:\/\/onivia.net\/en\/","name":"Onivia","description":"","potentialAction":[{"@type":"SearchAction","target":{"@type":"EntryPoint","urlTemplate":"https:\/\/onivia.net\/en\/?s={search_term_string}"},"query-input":{"@type":"PropertyValueSpecification","valueRequired":true,"valueName":"search_term_string"}}],"inLanguage":"es"}]}},"_links":{"self":[{"href":"https:\/\/onivia.net\/es\/wp-json\/wp\/v2\/pages\/2697","targetHints":{"allow":["GET"]}}],"collection":[{"href":"https:\/\/onivia.net\/es\/wp-json\/wp\/v2\/pages"}],"about":[{"href":"https:\/\/onivia.net\/es\/wp-json\/wp\/v2\/types\/page"}],"author":[{"embeddable":true,"href":"https:\/\/onivia.net\/es\/wp-json\/wp\/v2\/users\/6"}],"replies":[{"embeddable":true,"href":"https:\/\/onivia.net\/es\/wp-json\/wp\/v2\/comments?post=2697"}],"version-history":[{"count":10,"href":"https:\/\/onivia.net\/es\/wp-json\/wp\/v2\/pages\/2697\/revisions"}],"predecessor-version":[{"id":2708,"href":"https:\/\/onivia.net\/es\/wp-json\/wp\/v2\/pages\/2697\/revisions\/2708"}],"wp:attachment":[{"href":"https:\/\/onivia.net\/es\/wp-json\/wp\/v2\/media?parent=2697"}],"curies":[{"name":"wp","href":"https:\/\/api.w.org\/{rel}","templated":true}]}}