{"id":2443,"date":"2024-10-04T07:06:33","date_gmt":"2024-10-04T07:06:33","guid":{"rendered":"https:\/\/onivia.net\/es\/?page_id=2443"},"modified":"2024-10-29T15:32:03","modified_gmt":"2024-10-29T15:32:03","slug":"ii-foro-wholesalespain","status":"publish","type":"page","link":"https:\/\/onivia.net\/es\/foro-wholesale-spain\/","title":{"rendered":"II Foro #WholesaleSpain"},"content":{"rendered":"<p>La infraestructura de telecomunicaciones en Espa\u00f1a sigue avanzando a un ritmo vertiginoso, y es crucial entender c\u00f3mo se est\u00e1n transformando los modelos de negocio en el mercado mayorista de fibra.<\/p>\n<p>Rellena tus datos para descargarte el <strong>informe \u00a0#WholesaleSpain<\/strong> \u00ab<strong><em>Closing the digital gap<\/em><\/strong>\u00bb que hemos elaborado junto a <a href=\"https:\/\/nae.global\/es\/\">Nae<\/a> sobre el estado del sector. Encontrar\u00e1s insights clave sobre el futuro de las redes #FTTH e informaci\u00f3n sobre la brecha existente entre las \u00e1reas rurales y urbanas.<\/p>\n<p>Aseg\u00farate de que la direcci\u00f3n de e-mail es correcta: te enviaremos el enlace de descarga a tu correo electr\u00f3nico.<\/p>\n<p>\u00a1Esperamos que sea de tu agrado!<\/p>\n<p>&nbsp;<\/p>","protected":false},"excerpt":{"rendered":"La infraestructura de telecomunicaciones en Espa\u00f1a sigue avanzando a un ritmo vertiginoso, y es crucial entender c\u00f3mo se est\u00e1n transformando los modelos de negocio en el mercado mayorista de fibra. Rellena tus datos para descargarte el informe \u00a0#WholesaleSpain \u00abClosing the digital gap\u00bb que hemos elaborado junto a Nae sobre el estado del sector. Encontrar\u00e1s insights&#8230;","protected":false},"author":1,"featured_media":0,"parent":0,"menu_order":0,"comment_status":"closed","ping_status":"closed","template":"templates\/iframes-sendgrid.php","meta":{"_acf_changed":false,"inline_featured_image":false,"footnotes":""},"class_list":["post-2443","page","type-page","status-publish","hentry"],"acf":[],"yoast_head":"<!-- This site is optimized with the Yoast SEO plugin v26.0 - https:\/\/yoast.com\/wordpress\/plugins\/seo\/ -->\n<title>II Foro #WholesaleSpain - Onivia<\/title>\n<meta name=\"robots\" content=\"noindex, nofollow\" \/>\n<meta property=\"og:locale\" content=\"es_ES\" \/>\n<meta property=\"og:type\" content=\"article\" \/>\n<meta property=\"og:title\" content=\"[:es]II Foro #WholesaleSpain[:en]II Wholesale Forum[:] - Onivia\" \/>\n<meta property=\"og:description\" content=\"La infraestructura de telecomunicaciones en Espa\u00f1a sigue avanzando a un ritmo vertiginoso, y es crucial entender c\u00f3mo se est\u00e1n transformando los modelos de negocio en el mercado mayorista de fibra. Rellena tus datos para descargarte el informe \u00a0#WholesaleSpain \u00abClosing the digital gap\u00bb que hemos elaborado junto a Nae sobre el estado del sector. Encontrar\u00e1s insights...\" \/>\n<meta property=\"og:url\" content=\"https:\/\/onivia.net\/es\/foro-wholesale-spain\/\" \/>\n<meta property=\"og:site_name\" content=\"Onivia\" \/>\n<meta property=\"article:modified_time\" content=\"2024-10-29T15:32:03+00:00\" \/>\n<meta name=\"twitter:card\" content=\"summary_large_image\" \/>\n<meta name=\"twitter:label1\" content=\"Tiempo de lectura\" \/>\n\t<meta name=\"twitter:data1\" content=\"1 minuto\" \/>\n<script type=\"application\/ld+json\" class=\"yoast-schema-graph\">{\"@context\":\"https:\/\/schema.org\",\"@graph\":[{\"@type\":\"WebPage\",\"@id\":\"https:\/\/onivia.net\/es\/foro-wholesale-spain\/\",\"url\":\"https:\/\/onivia.net\/es\/foro-wholesale-spain\/\",\"name\":\"[:es]II Foro #WholesaleSpain[:en]II Wholesale Forum[:] - Onivia\",\"isPartOf\":{\"@id\":\"https:\/\/onivia.net\/en\/#website\"},\"datePublished\":\"2024-10-04T07:06:33+00:00\",\"dateModified\":\"2024-10-29T15:32:03+00:00\",\"breadcrumb\":{\"@id\":\"https:\/\/onivia.net\/es\/foro-wholesale-spain\/#breadcrumb\"},\"inLanguage\":\"es\",\"potentialAction\":[{\"@type\":\"ReadAction\",\"target\":[\"https:\/\/onivia.net\/es\/foro-wholesale-spain\/\"]}]},{\"@type\":\"BreadcrumbList\",\"@id\":\"https:\/\/onivia.net\/es\/foro-wholesale-spain\/#breadcrumb\",\"itemListElement\":[{\"@type\":\"ListItem\",\"position\":1,\"name\":\"Portada\",\"item\":\"https:\/\/onivia.net\/es\/\"},{\"@type\":\"ListItem\",\"position\":2,\"name\":\"II Foro #WholesaleSpain\"}]},{\"@type\":\"WebSite\",\"@id\":\"https:\/\/onivia.net\/en\/#website\",\"url\":\"https:\/\/onivia.net\/en\/\",\"name\":\"Onivia\",\"description\":\"\",\"potentialAction\":[{\"@type\":\"SearchAction\",\"target\":{\"@type\":\"EntryPoint\",\"urlTemplate\":\"https:\/\/onivia.net\/en\/?s={search_term_string}\"},\"query-input\":{\"@type\":\"PropertyValueSpecification\",\"valueRequired\":true,\"valueName\":\"search_term_string\"}}],\"inLanguage\":\"es\"}]}<\/script>\n<!-- \/ Yoast SEO plugin. -->","yoast_head_json":{"title":"[:es]II Foro #WholesaleSpain[:en]II Wholesale Forum[:] - Onivia","robots":{"index":"noindex","follow":"nofollow"},"og_locale":"es_ES","og_type":"article","og_title":"[:es]II Foro #WholesaleSpain[:en]II Wholesale Forum[:] - Onivia","og_description":"La infraestructura de telecomunicaciones en Espa\u00f1a sigue avanzando a un ritmo vertiginoso, y es crucial entender c\u00f3mo se est\u00e1n transformando los modelos de negocio en el mercado mayorista de fibra. Rellena tus datos para descargarte el informe \u00a0#WholesaleSpain \u00abClosing the digital gap\u00bb que hemos elaborado junto a Nae sobre el estado del sector. Encontrar\u00e1s insights...","og_url":"https:\/\/onivia.net\/es\/foro-wholesale-spain\/","og_site_name":"Onivia","article_modified_time":"2024-10-29T15:32:03+00:00","twitter_card":"summary_large_image","twitter_misc":{"Tiempo de lectura":"1 minuto"},"schema":{"@context":"https:\/\/schema.org","@graph":[{"@type":"WebPage","@id":"https:\/\/onivia.net\/es\/foro-wholesale-spain\/","url":"https:\/\/onivia.net\/es\/foro-wholesale-spain\/","name":"[:es]II Foro #WholesaleSpain[:en]II Wholesale Forum[:] - Onivia","isPartOf":{"@id":"https:\/\/onivia.net\/en\/#website"},"datePublished":"2024-10-04T07:06:33+00:00","dateModified":"2024-10-29T15:32:03+00:00","breadcrumb":{"@id":"https:\/\/onivia.net\/es\/foro-wholesale-spain\/#breadcrumb"},"inLanguage":"es","potentialAction":[{"@type":"ReadAction","target":["https:\/\/onivia.net\/es\/foro-wholesale-spain\/"]}]},{"@type":"BreadcrumbList","@id":"https:\/\/onivia.net\/es\/foro-wholesale-spain\/#breadcrumb","itemListElement":[{"@type":"ListItem","position":1,"name":"Portada","item":"https:\/\/onivia.net\/es\/"},{"@type":"ListItem","position":2,"name":"II Foro #WholesaleSpain"}]},{"@type":"WebSite","@id":"https:\/\/onivia.net\/en\/#website","url":"https:\/\/onivia.net\/en\/","name":"Onivia","description":"","potentialAction":[{"@type":"SearchAction","target":{"@type":"EntryPoint","urlTemplate":"https:\/\/onivia.net\/en\/?s={search_term_string}"},"query-input":{"@type":"PropertyValueSpecification","valueRequired":true,"valueName":"search_term_string"}}],"inLanguage":"es"}]}},"_links":{"self":[{"href":"https:\/\/onivia.net\/es\/wp-json\/wp\/v2\/pages\/2443","targetHints":{"allow":["GET"]}}],"collection":[{"href":"https:\/\/onivia.net\/es\/wp-json\/wp\/v2\/pages"}],"about":[{"href":"https:\/\/onivia.net\/es\/wp-json\/wp\/v2\/types\/page"}],"author":[{"embeddable":true,"href":"https:\/\/onivia.net\/es\/wp-json\/wp\/v2\/users\/1"}],"replies":[{"embeddable":true,"href":"https:\/\/onivia.net\/es\/wp-json\/wp\/v2\/comments?post=2443"}],"version-history":[{"count":20,"href":"https:\/\/onivia.net\/es\/wp-json\/wp\/v2\/pages\/2443\/revisions"}],"predecessor-version":[{"id":2456,"href":"https:\/\/onivia.net\/es\/wp-json\/wp\/v2\/pages\/2443\/revisions\/2456"}],"wp:attachment":[{"href":"https:\/\/onivia.net\/es\/wp-json\/wp\/v2\/media?parent=2443"}],"curies":[{"name":"wp","href":"https:\/\/api.w.org\/{rel}","templated":true}]}}