{"id":2383,"date":"2024-06-20T17:43:08","date_gmt":"2024-06-20T17:43:08","guid":{"rendered":"https:\/\/onivia.net\/es\/?page_id=2383"},"modified":"2026-02-06T07:30:59","modified_gmt":"2026-02-06T07:30:59","slug":"politica-de-calidad","status":"publish","type":"page","link":"https:\/\/onivia.net\/es\/politica-calidad\/","title":{"rendered":"Pol\u00edtica de calidad"},"content":{"rendered":"<p><strong>PENTACOM INVESTMENT SPAIN OPCO S.L.<\/strong> (la \u201c<strong>Sociedad<\/strong>\u201d) es una compa\u00f1\u00eda dedicada al <strong>\u201cOPERADOR MAYORISTA DE FIBRA\u201d<\/strong><\/p>\n<p>Declara que la Calidad, es un objetivo permanente en todos sus productos y servicios llevados a cabo en la organizaci\u00f3n.<\/p>\n<p>Con el fin de obtener los mejores resultados, la Direcci\u00f3n de la Sociedad ha apostado por la implementaci\u00f3n y el mantenimiento de un Sistema de Gesti\u00f3n de Calidad, basado en la norma de referencia internacional UNE-EN ISO 9001:2015, mediante la responsabilidad y la participaci\u00f3n de todos los integrantes de la Sociedad y de quienes trabajen en su nombre.<\/p>\n<p>En el desarrollo de sus servicios, la Sociedad fomenta los siguientes <strong>principios<\/strong>:<\/p>\n<ol>\n<li><strong>Cumplimiento de los requisitos y expectativas de nuestros clientes,<\/strong> consolidando su confianza en la organizaci\u00f3n. Para ello la Sociedad pone todo su empe\u00f1o en conocer las necesidades, tanto impl\u00edcitas como expl\u00edcitas, tanto actuales como futuras, de los clientes para conseguir que los servicios y productos les resulten satisfactorios. La Sociedad se enfoca al servicio al cliente durante toda la relaci\u00f3n comercial, desde la completa definici\u00f3n de sus necesidades, cuidando la comunicaci\u00f3n, a trav\u00e9s de contactos personales, hasta la finalizaci\u00f3n del servicio, estando firmemente comprometida con aquellos y estableciendo como prioridad estrat\u00e9gica el aumento continuado de su satisfacci\u00f3n.<\/li>\n<li><strong>Cumplimiento de los requisitos legales aplicables<\/strong> y otros requisitos que la Sociedad suscriba relacionados con la Calidad, esforz\u00e1ndose por cumplirlos adecuadamente. Para ello revisa peri\u00f3dicamente los requisitos legales que le afecten en todos los aspectos, as\u00ed como las tendencias m\u00e1s avanzadas en el mercado.<\/li>\n<li>La <strong>formaci\u00f3n adecuada del personal<\/strong> de la Sociedad es uno de los pilares en los que se basa la realizaci\u00f3n de sus actividades con los niveles de Calidad exigidos. Al mismo tiempo, se le reconoce a los trabajadores su responsabilidad en la calidad del trabajo realizado, haci\u00e9ndoles part\u00edcipes del respeto a nuestra pol\u00edtica de Calidad en todas sus actividades.<\/li>\n<li><strong>El control sobre los proveedores<\/strong>, seleccion\u00e1ndolos bajo criterios de calidad, realizando evaluaciones peri\u00f3dicas para as\u00ed garantizar la mayor calidad en los servicios prestados y productos suministrados. En base a esta evaluaci\u00f3n y siempre que no se produzcan no conformidades en los servicios y\/o productos suministrados por estos proveedores, se mantendr\u00e1n como proveedores homologados.<\/li>\n<li>La participaci\u00f3n de nuestros trabajadores y grupos de inter\u00e9s en la mejora del Sistema de Gesti\u00f3n de Calidad, mediante la <strong>comunicaci\u00f3n y la consulta<\/strong>. Para la aplicaci\u00f3n efectiva de los principios establecidos en esta pol\u00edtica de calidad, es absolutamente necesario el apoyo a los mismos por parte, tanto del equipo directivo como de todas las partes involucradas en la prestaci\u00f3n del servicio.<\/li>\n<li><strong>El esp\u00edritu de mejora continua<\/strong> de nuestros procesos y condiciones de trabajo basada en el an\u00e1lisis, que nos permita incrementar la Calidad de los servicios ofrecidos y la satisfacci\u00f3n del cliente superando sus expectativas. Todo el personal est\u00e1 comprometido en la mejora continua de nuestro Sistema de Gesti\u00f3n de la Calidad implantado y lo manifiesta esforz\u00e1ndose en cumplir los objetivos establecidos y revisados en el marco de la presente pol\u00edtica.<\/li>\n<li><strong>Compromiso de ESG y sostenibilidad<\/strong>: Lograr el cumplimiento normativo, evaluando las normativas y su impacto en Onivia y mejorar la capacidad ESG, aumentando la comprensi\u00f3n interna de los requisitos ESG y las capacidades necesarias.<\/li>\n<\/ol>\n<p>&nbsp;<\/p>\n<p>Esta Pol\u00edtica de la Calidad:<\/p>\n<ul>\n<li>Est\u00e1 englobada en la estrategia de la Sociedad, cuyos objetivos de calidad son ocupar una <strong>posici\u00f3n de liderazgo en su sector<\/strong> y obtener la satisfacci\u00f3n del cliente y sus grupos de inter\u00e9s, ofreci\u00e9ndole un valor que supere sus expectativas.<\/li>\n<li>Constituye el <strong>marco de referencia para establecer y revisar los objetivos y las metas de Calidad <\/strong>de la Sociedad.<\/li>\n<li><strong>Est\u00e1 a disposici\u00f3n de todas las partes interesadas<\/strong> que reclamen su conocimiento, tanto externamente, a trav\u00e9s de la web www.onivia.net, como internamente, siendo<strong> comunicada<\/strong> a todas las personas que trabajan para la organizaci\u00f3n o en nombre de ella, con el prop\u00f3sito de hacerles conscientes de los principios expresados, en especial, sus obligaciones individuales en materia de Calidad y cumplimiento de requisitos legales de aplicaci\u00f3n. Por consiguiente, <strong>es conocida<\/strong> por cada uno de los miembros de la Sociedad, los cuales aceptan la responsabilidad de cumplirla y hacerla cumplir a todo el personal a su cargo.<\/li>\n<li>Se revisa de forma peri\u00f3dica con el fin de asegurar que en todo momento es <strong>apropiada al prop\u00f3sito<\/strong> <strong>y contexto<\/strong> de la Sociedad y de su Sistema de Gesti\u00f3n de Calidad, inspirando la direcci\u00f3n estrat\u00e9gica de la compa\u00f1\u00eda, contando con el total compromiso y apoyo de la direcci\u00f3n de la Sociedad.<\/li>\n<\/ul>\n<p>&nbsp;<\/p>\n<p>En Madrid a 17 de julio de 2024<\/p>\n<p>La Direcci\u00f3n,<\/p>\n<p>PENTACOM INVESTMENT SPAIN OPCO S.L.<\/p>","protected":false},"excerpt":{"rendered":"PENTACOM INVESTMENT SPAIN OPCO S.L. (la \u201cSociedad\u201d) es una compa\u00f1\u00eda dedicada al \u201cOPERADOR MAYORISTA DE FIBRA\u201d Declara que la Calidad, es un objetivo permanente en todos sus productos y servicios llevados a cabo en la organizaci\u00f3n. Con el fin de obtener los mejores resultados, la Direcci\u00f3n de la Sociedad ha apostado por la implementaci\u00f3n y&#8230;","protected":false},"author":6,"featured_media":0,"parent":0,"menu_order":23,"comment_status":"closed","ping_status":"closed","template":"templates\/13-default-downloads.php","meta":{"_acf_changed":false,"inline_featured_image":false,"footnotes":""},"class_list":["post-2383","page","type-page","status-publish","hentry"],"acf":[],"yoast_head":"<!-- This site is optimized with the Yoast SEO plugin v26.0 - https:\/\/yoast.com\/wordpress\/plugins\/seo\/ -->\n<title>Pol\u00edtica de calidad - Onivia<\/title>\n<meta name=\"robots\" content=\"index, follow, max-snippet:-1, max-image-preview:large, max-video-preview:-1\" \/>\n<link rel=\"canonical\" href=\"https:\/\/onivia.net\/es\/politica-calidad\/\" \/>\n<meta property=\"og:locale\" content=\"es_ES\" \/>\n<meta property=\"og:type\" content=\"article\" \/>\n<meta property=\"og:title\" content=\"[:es]Pol\u00edtica de calidad[:en]Quality Policy[:] - Onivia\" \/>\n<meta property=\"og:description\" content=\"PENTACOM INVESTMENT SPAIN OPCO S.L. (la \u201cSociedad\u201d) es una compa\u00f1\u00eda dedicada al \u201cOPERADOR MAYORISTA DE FIBRA\u201d Declara que la Calidad, es un objetivo permanente en todos sus productos y servicios llevados a cabo en la organizaci\u00f3n. Con el fin de obtener los mejores resultados, la Direcci\u00f3n de la Sociedad ha apostado por la implementaci\u00f3n y...\" \/>\n<meta property=\"og:url\" content=\"https:\/\/onivia.net\/es\/politica-calidad\/\" \/>\n<meta property=\"og:site_name\" content=\"Onivia\" \/>\n<meta property=\"article:modified_time\" content=\"2026-02-06T07:30:59+00:00\" \/>\n<meta name=\"twitter:card\" content=\"summary_large_image\" \/>\n<meta name=\"twitter:label1\" content=\"Tiempo de lectura\" \/>\n\t<meta name=\"twitter:data1\" content=\"4 minutos\" \/>\n<script type=\"application\/ld+json\" class=\"yoast-schema-graph\">{\"@context\":\"https:\/\/schema.org\",\"@graph\":[{\"@type\":\"WebPage\",\"@id\":\"https:\/\/onivia.net\/es\/politica-calidad\/\",\"url\":\"https:\/\/onivia.net\/es\/politica-calidad\/\",\"name\":\"[:es]Pol\u00edtica de calidad[:en]Quality Policy[:] - Onivia\",\"isPartOf\":{\"@id\":\"https:\/\/onivia.net\/en\/#website\"},\"datePublished\":\"2024-06-20T17:43:08+00:00\",\"dateModified\":\"2026-02-06T07:30:59+00:00\",\"breadcrumb\":{\"@id\":\"https:\/\/onivia.net\/es\/politica-calidad\/#breadcrumb\"},\"inLanguage\":\"es\",\"potentialAction\":[{\"@type\":\"ReadAction\",\"target\":[\"https:\/\/onivia.net\/es\/politica-calidad\/\"]}]},{\"@type\":\"BreadcrumbList\",\"@id\":\"https:\/\/onivia.net\/es\/politica-calidad\/#breadcrumb\",\"itemListElement\":[{\"@type\":\"ListItem\",\"position\":1,\"name\":\"Portada\",\"item\":\"https:\/\/onivia.net\/es\/\"},{\"@type\":\"ListItem\",\"position\":2,\"name\":\"Pol\u00edtica de calidad\"}]},{\"@type\":\"WebSite\",\"@id\":\"https:\/\/onivia.net\/en\/#website\",\"url\":\"https:\/\/onivia.net\/en\/\",\"name\":\"Onivia\",\"description\":\"\",\"potentialAction\":[{\"@type\":\"SearchAction\",\"target\":{\"@type\":\"EntryPoint\",\"urlTemplate\":\"https:\/\/onivia.net\/en\/?s={search_term_string}\"},\"query-input\":{\"@type\":\"PropertyValueSpecification\",\"valueRequired\":true,\"valueName\":\"search_term_string\"}}],\"inLanguage\":\"es\"}]}<\/script>\n<!-- \/ Yoast SEO plugin. -->","yoast_head_json":{"title":"[:es]Pol\u00edtica de calidad[:en]Quality Policy[:] - Onivia","robots":{"index":"index","follow":"follow","max-snippet":"max-snippet:-1","max-image-preview":"max-image-preview:large","max-video-preview":"max-video-preview:-1"},"canonical":"https:\/\/onivia.net\/es\/politica-calidad\/","og_locale":"es_ES","og_type":"article","og_title":"[:es]Pol\u00edtica de calidad[:en]Quality Policy[:] - Onivia","og_description":"PENTACOM INVESTMENT SPAIN OPCO S.L. (la \u201cSociedad\u201d) es una compa\u00f1\u00eda dedicada al \u201cOPERADOR MAYORISTA DE FIBRA\u201d Declara que la Calidad, es un objetivo permanente en todos sus productos y servicios llevados a cabo en la organizaci\u00f3n. Con el fin de obtener los mejores resultados, la Direcci\u00f3n de la Sociedad ha apostado por la implementaci\u00f3n y...","og_url":"https:\/\/onivia.net\/es\/politica-calidad\/","og_site_name":"Onivia","article_modified_time":"2026-02-06T07:30:59+00:00","twitter_card":"summary_large_image","twitter_misc":{"Tiempo de lectura":"4 minutos"},"schema":{"@context":"https:\/\/schema.org","@graph":[{"@type":"WebPage","@id":"https:\/\/onivia.net\/es\/politica-calidad\/","url":"https:\/\/onivia.net\/es\/politica-calidad\/","name":"[:es]Pol\u00edtica de calidad[:en]Quality Policy[:] - Onivia","isPartOf":{"@id":"https:\/\/onivia.net\/en\/#website"},"datePublished":"2024-06-20T17:43:08+00:00","dateModified":"2026-02-06T07:30:59+00:00","breadcrumb":{"@id":"https:\/\/onivia.net\/es\/politica-calidad\/#breadcrumb"},"inLanguage":"es","potentialAction":[{"@type":"ReadAction","target":["https:\/\/onivia.net\/es\/politica-calidad\/"]}]},{"@type":"BreadcrumbList","@id":"https:\/\/onivia.net\/es\/politica-calidad\/#breadcrumb","itemListElement":[{"@type":"ListItem","position":1,"name":"Portada","item":"https:\/\/onivia.net\/es\/"},{"@type":"ListItem","position":2,"name":"Pol\u00edtica de calidad"}]},{"@type":"WebSite","@id":"https:\/\/onivia.net\/en\/#website","url":"https:\/\/onivia.net\/en\/","name":"Onivia","description":"","potentialAction":[{"@type":"SearchAction","target":{"@type":"EntryPoint","urlTemplate":"https:\/\/onivia.net\/en\/?s={search_term_string}"},"query-input":{"@type":"PropertyValueSpecification","valueRequired":true,"valueName":"search_term_string"}}],"inLanguage":"es"}]}},"_links":{"self":[{"href":"https:\/\/onivia.net\/es\/wp-json\/wp\/v2\/pages\/2383","targetHints":{"allow":["GET"]}}],"collection":[{"href":"https:\/\/onivia.net\/es\/wp-json\/wp\/v2\/pages"}],"about":[{"href":"https:\/\/onivia.net\/es\/wp-json\/wp\/v2\/types\/page"}],"author":[{"embeddable":true,"href":"https:\/\/onivia.net\/es\/wp-json\/wp\/v2\/users\/6"}],"replies":[{"embeddable":true,"href":"https:\/\/onivia.net\/es\/wp-json\/wp\/v2\/comments?post=2383"}],"version-history":[{"count":16,"href":"https:\/\/onivia.net\/es\/wp-json\/wp\/v2\/pages\/2383\/revisions"}],"predecessor-version":[{"id":3281,"href":"https:\/\/onivia.net\/es\/wp-json\/wp\/v2\/pages\/2383\/revisions\/3281"}],"wp:attachment":[{"href":"https:\/\/onivia.net\/es\/wp-json\/wp\/v2\/media?parent=2383"}],"curies":[{"name":"wp","href":"https:\/\/api.w.org\/{rel}","templated":true}]}}