{"id":2119,"date":"2023-11-08T16:00:12","date_gmt":"2023-11-08T16:00:12","guid":{"rendered":"https:\/\/onivia.net\/es\/?page_id=2119"},"modified":"2023-11-08T16:07:59","modified_gmt":"2023-11-08T16:07:59","slug":"__trashed","status":"publish","type":"page","link":"https:\/\/onivia.net\/es\/conexion-natural-onivia\/","title":{"rendered":"Plan de Reforestaci\u00f3n Onivia"},"content":{"rendered":"<p><\/p>\n<p style=\"text-align: left;\">Al principio, <span style=\"color: #333399;\"><strong>contribuimos a mejorar la conectividad de las zonas rurales<\/strong> <\/span>con nuestra fibra \u00f3ptica estable y de calidad fortaleciendo los enlaces entre las personas y las cosas.<br \/>\nAhora, <span style=\"color: #333399;\"><strong>damos un paso m\u00e1s<\/strong><\/span> en nuestro compromiso con el bienestar social, <span style=\"color: #333399;\"><strong>plantando un m\u00ednimo de 2.000 \u00e1rboles<\/strong><\/span> en \u00e1reas naturales degradadas.<br \/>\nTu empresa tambi\u00e9n puede sumarse a este reto con su donaci\u00f3n*.<\/p>\n<p style=\"text-align: left;\"><img loading=\"lazy\" decoding=\"async\" class=\"wp-image-2120 alignleft\" src=\"https:\/\/onivia.net\/wp-content\/uploads\/2023\/11\/cabecera_mailing.jpg\" alt=\"\" width=\"584\" height=\"333\" \/><\/p>\n<p style=\"text-align: left;\"><strong><span style=\"color: #333399;\">Titular: Fundaci\u00f3n FDI<\/span><\/strong><br \/>\n<strong><span style=\"color: #333399;\">Concepto: Reforestaci\u00f3n Onivia<\/span><\/strong><br \/>\n<strong><span style=\"color: #333399;\">N\u00ba cuenta: ES06 2100 9055 1202 0013 5080<\/span><\/strong><\/p>\n<p style=\"text-align: left;\">Por cada euro conseguido, Onivia plantar\u00e1 un \u00e1rbol m\u00e1s, conect\u00e1ndonos as\u00ed con un futuro m\u00e1s sostenible y mejor para todos.<\/p>\n<p><span style=\"color: #333399;\">#ConexionNaturalOnivia<\/span> <span style=\"color: #333399;\">#1euro1arbol<\/span><\/p>\n<pre>* tras tu donaci\u00f3n recibir\u00e1s un certificado con la cantidad aportada para tu desgravaci\u00f3n<\/pre>\n<p><\/p>","protected":false},"excerpt":{"rendered":"Al principio, contribuimos a mejorar la conectividad de las zonas rurales con nuestra fibra \u00f3ptica estable y de calidad fortaleciendo los enlaces entre las personas y las cosas. Ahora, damos un paso m\u00e1s en nuestro compromiso con el bienestar social, plantando un m\u00ednimo de 2.000 \u00e1rboles en \u00e1reas naturales degradadas. Tu empresa tambi\u00e9n puede sumarse&#8230;","protected":false},"author":6,"featured_media":0,"parent":0,"menu_order":0,"comment_status":"closed","ping_status":"closed","template":"","meta":{"_acf_changed":false,"inline_featured_image":false,"footnotes":""},"class_list":["post-2119","page","type-page","status-publish","hentry"],"acf":[],"yoast_head":"<!-- This site is optimized with the Yoast SEO plugin v26.0 - https:\/\/yoast.com\/wordpress\/plugins\/seo\/ -->\n<title>Plan de Reforestaci\u00f3n Onivia - Onivia<\/title>\n<meta name=\"robots\" content=\"index, follow, max-snippet:-1, max-image-preview:large, max-video-preview:-1\" \/>\n<link rel=\"canonical\" href=\"https:\/\/onivia.net\/es\/conexion-natural-onivia\/\" \/>\n<meta property=\"og:locale\" content=\"es_ES\" \/>\n<meta property=\"og:type\" content=\"article\" \/>\n<meta property=\"og:title\" content=\"[:es]Plan de Reforestaci\u00f3n Onivia[:] - Onivia\" \/>\n<meta property=\"og:description\" content=\"Al principio, contribuimos a mejorar la conectividad de las zonas rurales con nuestra fibra \u00f3ptica estable y de calidad fortaleciendo los enlaces entre las personas y las cosas. Ahora, damos un paso m\u00e1s en nuestro compromiso con el bienestar social, plantando un m\u00ednimo de 2.000 \u00e1rboles en \u00e1reas naturales degradadas. Tu empresa tambi\u00e9n puede sumarse...\" \/>\n<meta property=\"og:url\" content=\"https:\/\/onivia.net\/es\/conexion-natural-onivia\/\" \/>\n<meta property=\"og:site_name\" content=\"Onivia\" \/>\n<meta property=\"article:modified_time\" content=\"2023-11-08T16:07:59+00:00\" \/>\n<meta property=\"og:image\" content=\"https:\/\/onivia.net\/wp-content\/uploads\/2023\/11\/cabecera_mailing.jpg\" \/>\n<meta name=\"twitter:card\" content=\"summary_large_image\" \/>\n<meta name=\"twitter:label1\" content=\"Tiempo de lectura\" \/>\n\t<meta name=\"twitter:data1\" content=\"1 minuto\" \/>\n<script type=\"application\/ld+json\" class=\"yoast-schema-graph\">{\"@context\":\"https:\/\/schema.org\",\"@graph\":[{\"@type\":\"WebPage\",\"@id\":\"https:\/\/onivia.net\/es\/conexion-natural-onivia\/\",\"url\":\"https:\/\/onivia.net\/es\/conexion-natural-onivia\/\",\"name\":\"[:es]Plan de Reforestaci\u00f3n Onivia[:] - Onivia\",\"isPartOf\":{\"@id\":\"https:\/\/onivia.net\/en\/#website\"},\"primaryImageOfPage\":{\"@id\":\"https:\/\/onivia.net\/es\/conexion-natural-onivia\/#primaryimage\"},\"image\":{\"@id\":\"https:\/\/onivia.net\/es\/conexion-natural-onivia\/#primaryimage\"},\"thumbnailUrl\":\"https:\/\/onivia.net\/wp-content\/uploads\/2023\/11\/cabecera_mailing.jpg\",\"datePublished\":\"2023-11-08T16:00:12+00:00\",\"dateModified\":\"2023-11-08T16:07:59+00:00\",\"breadcrumb\":{\"@id\":\"https:\/\/onivia.net\/es\/conexion-natural-onivia\/#breadcrumb\"},\"inLanguage\":\"es\",\"potentialAction\":[{\"@type\":\"ReadAction\",\"target\":[\"https:\/\/onivia.net\/es\/conexion-natural-onivia\/\"]}]},{\"@type\":\"ImageObject\",\"inLanguage\":\"es\",\"@id\":\"https:\/\/onivia.net\/es\/conexion-natural-onivia\/#primaryimage\",\"url\":\"https:\/\/onivia.net\/wp-content\/uploads\/2023\/11\/cabecera_mailing.jpg\",\"contentUrl\":\"https:\/\/onivia.net\/wp-content\/uploads\/2023\/11\/cabecera_mailing.jpg\"},{\"@type\":\"BreadcrumbList\",\"@id\":\"https:\/\/onivia.net\/es\/conexion-natural-onivia\/#breadcrumb\",\"itemListElement\":[{\"@type\":\"ListItem\",\"position\":1,\"name\":\"Portada\",\"item\":\"https:\/\/onivia.net\/es\/\"},{\"@type\":\"ListItem\",\"position\":2,\"name\":\"Plan de Reforestaci\u00f3n Onivia\"}]},{\"@type\":\"WebSite\",\"@id\":\"https:\/\/onivia.net\/en\/#website\",\"url\":\"https:\/\/onivia.net\/en\/\",\"name\":\"Onivia\",\"description\":\"\",\"potentialAction\":[{\"@type\":\"SearchAction\",\"target\":{\"@type\":\"EntryPoint\",\"urlTemplate\":\"https:\/\/onivia.net\/en\/?s={search_term_string}\"},\"query-input\":{\"@type\":\"PropertyValueSpecification\",\"valueRequired\":true,\"valueName\":\"search_term_string\"}}],\"inLanguage\":\"es\"}]}<\/script>\n<!-- \/ Yoast SEO plugin. -->","yoast_head_json":{"title":"[:es]Plan de Reforestaci\u00f3n Onivia[:] - Onivia","robots":{"index":"index","follow":"follow","max-snippet":"max-snippet:-1","max-image-preview":"max-image-preview:large","max-video-preview":"max-video-preview:-1"},"canonical":"https:\/\/onivia.net\/es\/conexion-natural-onivia\/","og_locale":"es_ES","og_type":"article","og_title":"[:es]Plan de Reforestaci\u00f3n Onivia[:] - Onivia","og_description":"Al principio, contribuimos a mejorar la conectividad de las zonas rurales con nuestra fibra \u00f3ptica estable y de calidad fortaleciendo los enlaces entre las personas y las cosas. Ahora, damos un paso m\u00e1s en nuestro compromiso con el bienestar social, plantando un m\u00ednimo de 2.000 \u00e1rboles en \u00e1reas naturales degradadas. Tu empresa tambi\u00e9n puede sumarse...","og_url":"https:\/\/onivia.net\/es\/conexion-natural-onivia\/","og_site_name":"Onivia","article_modified_time":"2023-11-08T16:07:59+00:00","og_image":[{"url":"https:\/\/onivia.net\/wp-content\/uploads\/2023\/11\/cabecera_mailing.jpg","type":"","width":"","height":""}],"twitter_card":"summary_large_image","twitter_misc":{"Tiempo de lectura":"1 minuto"},"schema":{"@context":"https:\/\/schema.org","@graph":[{"@type":"WebPage","@id":"https:\/\/onivia.net\/es\/conexion-natural-onivia\/","url":"https:\/\/onivia.net\/es\/conexion-natural-onivia\/","name":"[:es]Plan de Reforestaci\u00f3n Onivia[:] - Onivia","isPartOf":{"@id":"https:\/\/onivia.net\/en\/#website"},"primaryImageOfPage":{"@id":"https:\/\/onivia.net\/es\/conexion-natural-onivia\/#primaryimage"},"image":{"@id":"https:\/\/onivia.net\/es\/conexion-natural-onivia\/#primaryimage"},"thumbnailUrl":"https:\/\/onivia.net\/wp-content\/uploads\/2023\/11\/cabecera_mailing.jpg","datePublished":"2023-11-08T16:00:12+00:00","dateModified":"2023-11-08T16:07:59+00:00","breadcrumb":{"@id":"https:\/\/onivia.net\/es\/conexion-natural-onivia\/#breadcrumb"},"inLanguage":"es","potentialAction":[{"@type":"ReadAction","target":["https:\/\/onivia.net\/es\/conexion-natural-onivia\/"]}]},{"@type":"ImageObject","inLanguage":"es","@id":"https:\/\/onivia.net\/es\/conexion-natural-onivia\/#primaryimage","url":"https:\/\/onivia.net\/wp-content\/uploads\/2023\/11\/cabecera_mailing.jpg","contentUrl":"https:\/\/onivia.net\/wp-content\/uploads\/2023\/11\/cabecera_mailing.jpg"},{"@type":"BreadcrumbList","@id":"https:\/\/onivia.net\/es\/conexion-natural-onivia\/#breadcrumb","itemListElement":[{"@type":"ListItem","position":1,"name":"Portada","item":"https:\/\/onivia.net\/es\/"},{"@type":"ListItem","position":2,"name":"Plan de Reforestaci\u00f3n Onivia"}]},{"@type":"WebSite","@id":"https:\/\/onivia.net\/en\/#website","url":"https:\/\/onivia.net\/en\/","name":"Onivia","description":"","potentialAction":[{"@type":"SearchAction","target":{"@type":"EntryPoint","urlTemplate":"https:\/\/onivia.net\/en\/?s={search_term_string}"},"query-input":{"@type":"PropertyValueSpecification","valueRequired":true,"valueName":"search_term_string"}}],"inLanguage":"es"}]}},"_links":{"self":[{"href":"https:\/\/onivia.net\/es\/wp-json\/wp\/v2\/pages\/2119","targetHints":{"allow":["GET"]}}],"collection":[{"href":"https:\/\/onivia.net\/es\/wp-json\/wp\/v2\/pages"}],"about":[{"href":"https:\/\/onivia.net\/es\/wp-json\/wp\/v2\/types\/page"}],"author":[{"embeddable":true,"href":"https:\/\/onivia.net\/es\/wp-json\/wp\/v2\/users\/6"}],"replies":[{"embeddable":true,"href":"https:\/\/onivia.net\/es\/wp-json\/wp\/v2\/comments?post=2119"}],"version-history":[{"count":11,"href":"https:\/\/onivia.net\/es\/wp-json\/wp\/v2\/pages\/2119\/revisions"}],"predecessor-version":[{"id":2131,"href":"https:\/\/onivia.net\/es\/wp-json\/wp\/v2\/pages\/2119\/revisions\/2131"}],"wp:attachment":[{"href":"https:\/\/onivia.net\/es\/wp-json\/wp\/v2\/media?parent=2119"}],"curies":[{"name":"wp","href":"https:\/\/api.w.org\/{rel}","templated":true}]}}