{"id":2070,"date":"2023-09-14T06:21:02","date_gmt":"2023-09-14T06:21:02","guid":{"rendered":"https:\/\/onivia.net\/es\/?page_id=2070"},"modified":"2023-10-16T07:36:45","modified_gmt":"2023-10-16T07:36:45","slug":"presentacion-informe-mercado-mayorista-en-espana","status":"publish","type":"page","link":"https:\/\/onivia.net\/es\/foro-wholesalespain\/","title":{"rendered":"Primera edici\u00f3n Foro #WholesaleSPAIN"},"content":{"rendered":"<p><\/p>\n<h4>Presentamos el primer informe sobre el mercado mayorista en Espa\u00f1a<\/h4>\n<p>Descubre los an\u00e1lisis, estad\u00edsticas y nuestras reflexiones sobre el panorama de la fibra en Espa\u00f1a y las tendencias identificadas.<\/p>\n<p>Con este informe lo que queremos destacar por un lado es este papel relevante de los operadores mayoristas y por otro lado sacar a la luz las cifras de todos los peque\u00f1os operadores locales que se pierden en las grandes estad\u00edsticas. Adem\u00e1s hemos detectado las tendencias a las que debemos prestar atenci\u00f3n desde el mercado mayorista.<\/p>\n<p>Muchas gracias por habernos acompa\u00f1ado, en este <a href=\"https:\/\/we.tl\/t-Osyo2Pkc1G\">enlace<\/a> puedes descargarte el informe completo.<\/p>","protected":false},"excerpt":{"rendered":"Presentamos el primer informe sobre el mercado mayorista en Espa\u00f1a Descubre los an\u00e1lisis, estad\u00edsticas y nuestras reflexiones sobre el panorama de la fibra en Espa\u00f1a y las tendencias identificadas. Con este informe lo que queremos destacar por un lado es este papel relevante de los operadores mayoristas y por otro lado sacar a la luz&#8230;","protected":false},"author":6,"featured_media":0,"parent":0,"menu_order":0,"comment_status":"closed","ping_status":"closed","template":"templates\/iframes.php","meta":{"_acf_changed":false,"inline_featured_image":false,"footnotes":""},"class_list":["post-2070","page","type-page","status-publish","hentry"],"acf":[],"yoast_head":"<!-- This site is optimized with the Yoast SEO plugin v26.0 - https:\/\/yoast.com\/wordpress\/plugins\/seo\/ -->\n<title>Primera edici\u00f3n Foro #WholesaleSPAIN - Onivia<\/title>\n<meta name=\"robots\" content=\"index, follow, max-snippet:-1, max-image-preview:large, max-video-preview:-1\" \/>\n<link rel=\"canonical\" href=\"https:\/\/onivia.net\/es\/foro-wholesalespain\/\" \/>\n<meta property=\"og:locale\" content=\"es_ES\" \/>\n<meta property=\"og:type\" content=\"article\" \/>\n<meta property=\"og:title\" content=\"[:es]Primera edici\u00f3n Foro #WholesaleSPAIN[:] - Onivia\" \/>\n<meta property=\"og:description\" content=\"Presentamos el primer informe sobre el mercado mayorista en Espa\u00f1a Descubre los an\u00e1lisis, estad\u00edsticas y nuestras reflexiones sobre el panorama de la fibra en Espa\u00f1a y las tendencias identificadas. Con este informe lo que queremos destacar por un lado es este papel relevante de los operadores mayoristas y por otro lado sacar a la luz...\" \/>\n<meta property=\"og:url\" content=\"https:\/\/onivia.net\/es\/foro-wholesalespain\/\" \/>\n<meta property=\"og:site_name\" content=\"Onivia\" \/>\n<meta property=\"article:modified_time\" content=\"2023-10-16T07:36:45+00:00\" \/>\n<meta name=\"twitter:card\" content=\"summary_large_image\" \/>\n<meta name=\"twitter:label1\" content=\"Tiempo de lectura\" \/>\n\t<meta name=\"twitter:data1\" content=\"1 minuto\" \/>\n<script type=\"application\/ld+json\" class=\"yoast-schema-graph\">{\"@context\":\"https:\/\/schema.org\",\"@graph\":[{\"@type\":\"WebPage\",\"@id\":\"https:\/\/onivia.net\/es\/foro-wholesalespain\/\",\"url\":\"https:\/\/onivia.net\/es\/foro-wholesalespain\/\",\"name\":\"[:es]Primera edici\u00f3n Foro #WholesaleSPAIN[:] - Onivia\",\"isPartOf\":{\"@id\":\"https:\/\/onivia.net\/en\/#website\"},\"datePublished\":\"2023-09-14T06:21:02+00:00\",\"dateModified\":\"2023-10-16T07:36:45+00:00\",\"breadcrumb\":{\"@id\":\"https:\/\/onivia.net\/es\/foro-wholesalespain\/#breadcrumb\"},\"inLanguage\":\"es\",\"potentialAction\":[{\"@type\":\"ReadAction\",\"target\":[\"https:\/\/onivia.net\/es\/foro-wholesalespain\/\"]}]},{\"@type\":\"BreadcrumbList\",\"@id\":\"https:\/\/onivia.net\/es\/foro-wholesalespain\/#breadcrumb\",\"itemListElement\":[{\"@type\":\"ListItem\",\"position\":1,\"name\":\"Portada\",\"item\":\"https:\/\/onivia.net\/es\/\"},{\"@type\":\"ListItem\",\"position\":2,\"name\":\"Primera edici\u00f3n Foro #WholesaleSPAIN\"}]},{\"@type\":\"WebSite\",\"@id\":\"https:\/\/onivia.net\/en\/#website\",\"url\":\"https:\/\/onivia.net\/en\/\",\"name\":\"Onivia\",\"description\":\"\",\"potentialAction\":[{\"@type\":\"SearchAction\",\"target\":{\"@type\":\"EntryPoint\",\"urlTemplate\":\"https:\/\/onivia.net\/en\/?s={search_term_string}\"},\"query-input\":{\"@type\":\"PropertyValueSpecification\",\"valueRequired\":true,\"valueName\":\"search_term_string\"}}],\"inLanguage\":\"es\"}]}<\/script>\n<!-- \/ Yoast SEO plugin. -->","yoast_head_json":{"title":"[:es]Primera edici\u00f3n Foro #WholesaleSPAIN[:] - Onivia","robots":{"index":"index","follow":"follow","max-snippet":"max-snippet:-1","max-image-preview":"max-image-preview:large","max-video-preview":"max-video-preview:-1"},"canonical":"https:\/\/onivia.net\/es\/foro-wholesalespain\/","og_locale":"es_ES","og_type":"article","og_title":"[:es]Primera edici\u00f3n Foro #WholesaleSPAIN[:] - Onivia","og_description":"Presentamos el primer informe sobre el mercado mayorista en Espa\u00f1a Descubre los an\u00e1lisis, estad\u00edsticas y nuestras reflexiones sobre el panorama de la fibra en Espa\u00f1a y las tendencias identificadas. Con este informe lo que queremos destacar por un lado es este papel relevante de los operadores mayoristas y por otro lado sacar a la luz...","og_url":"https:\/\/onivia.net\/es\/foro-wholesalespain\/","og_site_name":"Onivia","article_modified_time":"2023-10-16T07:36:45+00:00","twitter_card":"summary_large_image","twitter_misc":{"Tiempo de lectura":"1 minuto"},"schema":{"@context":"https:\/\/schema.org","@graph":[{"@type":"WebPage","@id":"https:\/\/onivia.net\/es\/foro-wholesalespain\/","url":"https:\/\/onivia.net\/es\/foro-wholesalespain\/","name":"[:es]Primera edici\u00f3n Foro #WholesaleSPAIN[:] - Onivia","isPartOf":{"@id":"https:\/\/onivia.net\/en\/#website"},"datePublished":"2023-09-14T06:21:02+00:00","dateModified":"2023-10-16T07:36:45+00:00","breadcrumb":{"@id":"https:\/\/onivia.net\/es\/foro-wholesalespain\/#breadcrumb"},"inLanguage":"es","potentialAction":[{"@type":"ReadAction","target":["https:\/\/onivia.net\/es\/foro-wholesalespain\/"]}]},{"@type":"BreadcrumbList","@id":"https:\/\/onivia.net\/es\/foro-wholesalespain\/#breadcrumb","itemListElement":[{"@type":"ListItem","position":1,"name":"Portada","item":"https:\/\/onivia.net\/es\/"},{"@type":"ListItem","position":2,"name":"Primera edici\u00f3n Foro #WholesaleSPAIN"}]},{"@type":"WebSite","@id":"https:\/\/onivia.net\/en\/#website","url":"https:\/\/onivia.net\/en\/","name":"Onivia","description":"","potentialAction":[{"@type":"SearchAction","target":{"@type":"EntryPoint","urlTemplate":"https:\/\/onivia.net\/en\/?s={search_term_string}"},"query-input":{"@type":"PropertyValueSpecification","valueRequired":true,"valueName":"search_term_string"}}],"inLanguage":"es"}]}},"_links":{"self":[{"href":"https:\/\/onivia.net\/es\/wp-json\/wp\/v2\/pages\/2070","targetHints":{"allow":["GET"]}}],"collection":[{"href":"https:\/\/onivia.net\/es\/wp-json\/wp\/v2\/pages"}],"about":[{"href":"https:\/\/onivia.net\/es\/wp-json\/wp\/v2\/types\/page"}],"author":[{"embeddable":true,"href":"https:\/\/onivia.net\/es\/wp-json\/wp\/v2\/users\/6"}],"replies":[{"embeddable":true,"href":"https:\/\/onivia.net\/es\/wp-json\/wp\/v2\/comments?post=2070"}],"version-history":[{"count":20,"href":"https:\/\/onivia.net\/es\/wp-json\/wp\/v2\/pages\/2070\/revisions"}],"predecessor-version":[{"id":2113,"href":"https:\/\/onivia.net\/es\/wp-json\/wp\/v2\/pages\/2070\/revisions\/2113"}],"wp:attachment":[{"href":"https:\/\/onivia.net\/es\/wp-json\/wp\/v2\/media?parent=2070"}],"curies":[{"name":"wp","href":"https:\/\/api.w.org\/{rel}","templated":true}]}}