{"id":2793,"date":"2025-05-06T14:15:55","date_gmt":"2025-05-06T14:15:55","guid":{"rendered":"https:\/\/onivia.net\/es\/?page_id=2793"},"modified":"2025-10-06T09:58:52","modified_gmt":"2025-10-06T09:58:52","slug":"tour-onivia-2","status":"publish","type":"page","link":"https:\/\/onivia.net\/en\/tour-onivia-sevilla\/","title":{"rendered":"Tour Onivia"},"content":{"rendered":"<p class=\"qtranxs-available-languages-message qtranxs-available-languages-message-en\"> <\/p><p><\/p>\n<h2 class=\"h4\">Lo que imaginas, ahora es posible<\/h2>\n<p><strong>Sevilla<\/strong> es la siguiente parada del <strong data-start=\"160\" data-end=\"175\">Tour Onivia<\/strong>, un encuentro pensado para operadores que quieren crecer y marcar la diferencia.<\/p>\n<p><strong>Fecha:<\/strong> 30 de octubre de 2025 | 10:30 &#8211; 14:30<\/p>\n<p><strong>Lugar:<\/strong> Edificio Galia Puerto, Calle Jos\u00e9 Delgado Brackenbury, 11, Sevilla<\/p>\n<p>Conecta con otros profesionales del sector, descubre las \u00faltimas tendencias tecnol\u00f3gicas y accede a soluciones reales para impulsar tu negocio desde Andaluc\u00eda.<\/p>\n<p><b>Plazas limitadas. \u00a1Inscr\u00edbete y acomp\u00e1\u00f1anos en esta experiencia \u00fanica!<\/b><\/p>","protected":false},"excerpt":{"rendered":"Lo que imaginas, ahora es posible Sevilla es la siguiente parada del Tour Onivia, un encuentro pensado para operadores que quieren crecer y marcar la diferencia. Fecha: 30 de octubre de 2025 | 10:30 &#8211; 14:30 Lugar: Edificio Galia Puerto, Calle Jos\u00e9 Delgado Brackenbury, 11, Sevilla Conecta con otros profesionales del sector, descubre las \u00faltimas&#8230;","protected":false},"author":1,"featured_media":0,"parent":0,"menu_order":0,"comment_status":"closed","ping_status":"closed","template":"templates\/iframes-sendgrid.php","meta":{"_acf_changed":false,"inline_featured_image":false,"footnotes":""},"class_list":["post-2793","page","type-page","status-publish","hentry"],"acf":[],"yoast_head":"<!-- This site is optimized with the Yoast SEO plugin v26.0 - https:\/\/yoast.com\/wordpress\/plugins\/seo\/ -->\n<title><\/title>\n<meta name=\"robots\" content=\"noindex, nofollow\" \/>\n<meta property=\"og:locale\" content=\"en_US\" \/>\n<meta property=\"og:type\" content=\"article\" \/>\n<meta property=\"og:title\" content=\"[:es]Tour Onivia[:] - Onivia\" \/>\n<meta property=\"og:description\" content=\"Lo que imaginas, ahora es posible Sevilla es la siguiente parada del Tour Onivia, un encuentro pensado para operadores que quieren crecer y marcar la diferencia. Fecha: 30 de octubre de 2025 | 10:30 &#8211; 14:30 Lugar: Edificio Galia Puerto, Calle Jos\u00e9 Delgado Brackenbury, 11, Sevilla Conecta con otros profesionales del sector, descubre las \u00faltimas...\" \/>\n<meta property=\"og:url\" content=\"https:\/\/onivia.net\/es\/tour-onivia-sevilla\/\" \/>\n<meta property=\"og:site_name\" content=\"Onivia\" \/>\n<meta property=\"article:modified_time\" content=\"2025-10-06T09:58:52+00:00\" \/>\n<meta name=\"twitter:card\" content=\"summary_large_image\" \/>\n<meta name=\"twitter:label1\" content=\"Est. reading time\" \/>\n\t<meta name=\"twitter:data1\" content=\"1 minute\" \/>\n<script type=\"application\/ld+json\" class=\"yoast-schema-graph\">{\"@context\":\"https:\/\/schema.org\",\"@graph\":[{\"@type\":\"WebPage\",\"@id\":\"https:\/\/onivia.net\/es\/tour-onivia-sevilla\/\",\"url\":\"https:\/\/onivia.net\/es\/tour-onivia-sevilla\/\",\"name\":\"[:es]Tour Onivia[:] - Onivia\",\"isPartOf\":{\"@id\":\"https:\/\/onivia.net\/en\/#website\"},\"datePublished\":\"2025-05-06T14:15:55+00:00\",\"dateModified\":\"2025-10-06T09:58:52+00:00\",\"breadcrumb\":{\"@id\":\"https:\/\/onivia.net\/es\/tour-onivia-sevilla\/#breadcrumb\"},\"inLanguage\":\"en-US\",\"potentialAction\":[{\"@type\":\"ReadAction\",\"target\":[\"https:\/\/onivia.net\/es\/tour-onivia-sevilla\/\"]}]},{\"@type\":\"BreadcrumbList\",\"@id\":\"https:\/\/onivia.net\/es\/tour-onivia-sevilla\/#breadcrumb\",\"itemListElement\":[{\"@type\":\"ListItem\",\"position\":1,\"name\":\"Portada\",\"item\":\"https:\/\/onivia.net\/es\/\"},{\"@type\":\"ListItem\",\"position\":2,\"name\":\"Tour Onivia\"}]},{\"@type\":\"WebSite\",\"@id\":\"https:\/\/onivia.net\/en\/#website\",\"url\":\"https:\/\/onivia.net\/en\/\",\"name\":\"Onivia\",\"description\":\"\",\"potentialAction\":[{\"@type\":\"SearchAction\",\"target\":{\"@type\":\"EntryPoint\",\"urlTemplate\":\"https:\/\/onivia.net\/en\/?s={search_term_string}\"},\"query-input\":{\"@type\":\"PropertyValueSpecification\",\"valueRequired\":true,\"valueName\":\"search_term_string\"}}],\"inLanguage\":\"en-US\"}]}<\/script>\n<!-- \/ Yoast SEO plugin. -->","yoast_head_json":{"title":"[:es]Tour Onivia[:] - Onivia","robots":{"index":"noindex","follow":"nofollow"},"og_locale":"en_US","og_type":"article","og_title":"[:es]Tour Onivia[:] - Onivia","og_description":"Lo que imaginas, ahora es posible Sevilla es la siguiente parada del Tour Onivia, un encuentro pensado para operadores que quieren crecer y marcar la diferencia. Fecha: 30 de octubre de 2025 | 10:30 &#8211; 14:30 Lugar: Edificio Galia Puerto, Calle Jos\u00e9 Delgado Brackenbury, 11, Sevilla Conecta con otros profesionales del sector, descubre las \u00faltimas...","og_url":"https:\/\/onivia.net\/es\/tour-onivia-sevilla\/","og_site_name":"Onivia","article_modified_time":"2025-10-06T09:58:52+00:00","twitter_card":"summary_large_image","twitter_misc":{"Est. reading time":"1 minute"},"schema":{"@context":"https:\/\/schema.org","@graph":[{"@type":"WebPage","@id":"https:\/\/onivia.net\/es\/tour-onivia-sevilla\/","url":"https:\/\/onivia.net\/es\/tour-onivia-sevilla\/","name":"[:es]Tour Onivia[:] - Onivia","isPartOf":{"@id":"https:\/\/onivia.net\/en\/#website"},"datePublished":"2025-05-06T14:15:55+00:00","dateModified":"2025-10-06T09:58:52+00:00","breadcrumb":{"@id":"https:\/\/onivia.net\/es\/tour-onivia-sevilla\/#breadcrumb"},"inLanguage":"en-US","potentialAction":[{"@type":"ReadAction","target":["https:\/\/onivia.net\/es\/tour-onivia-sevilla\/"]}]},{"@type":"BreadcrumbList","@id":"https:\/\/onivia.net\/es\/tour-onivia-sevilla\/#breadcrumb","itemListElement":[{"@type":"ListItem","position":1,"name":"Portada","item":"https:\/\/onivia.net\/es\/"},{"@type":"ListItem","position":2,"name":"Tour Onivia"}]},{"@type":"WebSite","@id":"https:\/\/onivia.net\/en\/#website","url":"https:\/\/onivia.net\/en\/","name":"Onivia","description":"","potentialAction":[{"@type":"SearchAction","target":{"@type":"EntryPoint","urlTemplate":"https:\/\/onivia.net\/en\/?s={search_term_string}"},"query-input":{"@type":"PropertyValueSpecification","valueRequired":true,"valueName":"search_term_string"}}],"inLanguage":"en-US"}]}},"_links":{"self":[{"href":"https:\/\/onivia.net\/en\/wp-json\/wp\/v2\/pages\/2793","targetHints":{"allow":["GET"]}}],"collection":[{"href":"https:\/\/onivia.net\/en\/wp-json\/wp\/v2\/pages"}],"about":[{"href":"https:\/\/onivia.net\/en\/wp-json\/wp\/v2\/types\/page"}],"author":[{"embeddable":true,"href":"https:\/\/onivia.net\/en\/wp-json\/wp\/v2\/users\/1"}],"replies":[{"embeddable":true,"href":"https:\/\/onivia.net\/en\/wp-json\/wp\/v2\/comments?post=2793"}],"version-history":[{"count":24,"href":"https:\/\/onivia.net\/en\/wp-json\/wp\/v2\/pages\/2793\/revisions"}],"predecessor-version":[{"id":3190,"href":"https:\/\/onivia.net\/en\/wp-json\/wp\/v2\/pages\/2793\/revisions\/3190"}],"wp:attachment":[{"href":"https:\/\/onivia.net\/en\/wp-json\/wp\/v2\/media?parent=2793"}],"curies":[{"name":"wp","href":"https:\/\/api.w.org\/{rel}","templated":true}]}}